{"id":982,"date":"2017-10-10T15:12:38","date_gmt":"2017-10-10T15:12:38","guid":{"rendered":"http:\/\/www.passam.ch\/?page_id=982"},"modified":"2023-06-09T12:52:37","modified_gmt":"2023-06-09T12:52:37","slug":"accessories","status":"publish","type":"page","link":"https:\/\/www.passam.ch\/de\/accessories","title":{"rendered":"Zubeh\u00f6r"},"content":{"rendered":"<p><\/p>\n<h3>Zubeh\u00f6r<\/h3>\n<p>&nbsp;<\/p>\n<p>Das Aussetzen von passiven Probennehmern \u00fcber l\u00e4ngere Zeitr\u00e4ume im Freien bei wechselnden Wetter- und Verkehrsbedingungen k\u00f6nnte das Messverfahren und schlie\u00dflich die Ergebnisse beeintr\u00e4chtigen.<br \/>\nDeshalb bietet passam eine Vielzahl von Zubeh\u00f6r an, um Ihre Messungen zu erleichtern und sicherzustellen, dass Ihre Probenehmer unversehrt und analysebereit ins Labor zur\u00fcckkehren.<\/p>\n<p>\u2713 Membranen f\u00fcr Rohrprobennehmer zum Schutz vor Witterungseinfl\u00fcssen und Insektenbefall<\/p>\n<p>\u2713 Schutzunterstand f\u00fcr die Montage aller Arten von Probenehmern gegen alle Wetterbedingungen<\/p>\n<p>&nbsp;<br \/>\n<style>#jtg-1897 .modula-item .jtg-social a, .lightbox-socials.jtg-social a{ fill: #ffffff; color: #ffffff }#jtg-1897 .modula-item .jtg-social-mobile a{ fill: #ffffff; color: #ffffff }#jtg-1897 .modula-item .jtg-social svg, .lightbox-socials.jtg-social svg { height: 16px; width: 16px }#jtg-1897 .modula-item .jtg-social-mobile svg { height: 16px; width: 16px }#jtg-1897 .modula-item .jtg-social a:not(:last-child), .lightbox-socials.jtg-social a:not(:last-child) { margin-right: 10px }#jtg-1897 .modula-item .jtg-social-mobile .jtg-social-mobile-icons a:not(:last-child){ margin-right: 10px }#jtg-1897 .modula-item .figc {color:#005499;}#jtg-1897 .modula-item .modula-item-content { transform: scale(1) }#jtg-1897 { width:100%;}#jtg-1897 .modula-items .figc p.description { font-size:14px; }#jtg-1897 .modula-items .figc p.description { color:#005499;}#jtg-1897 .modula-items .figc .jtg-title { color:#005499; }#jtg-1897.modula-gallery .modula-item > a, #jtg-1897.modula-gallery .modula-item, #jtg-1897.modula-gallery .modula-item-content > a:not(.modula-no-follow) { cursor:zoom-in; } #jtg-1897.modula-gallery .modula-item-content .modula-no-follow { cursor: default; } @media screen and (max-width:480px){#jtg-1897 .modula-item .figc .jtg-title {  font-size: 12px; }#jtg-1897 .modula-items .figc p.description { color:#005499;font-size:10px; }}<\/style>\n<!-- Gallery Container -->\n<div  id=\"jtg-1897\" class=\"modula modula-gallery modula-columns\" data-config=\"{&quot;tabletHeight&quot;:0,&quot;mobileHeight&quot;:0,&quot;desktopHeight&quot;:0,&quot;enableTwitter&quot;:false,&quot;enableWhatsapp&quot;:false,&quot;enableFacebook&quot;:false,&quot;enablePinterest&quot;:false,&quot;enableLinkedin&quot;:false,&quot;enableEmail&quot;:false,&quot;randomFactor&quot;:0,&quot;type&quot;:&quot;grid&quot;,&quot;columns&quot;:12,&quot;gutter&quot;:50,&quot;mobileGutter&quot;:50,&quot;tabletGutter&quot;:50,&quot;desktopGutter&quot;:50,&quot;enableResponsive&quot;:&quot;0&quot;,&quot;tabletColumns&quot;:&quot;2&quot;,&quot;mobileColumns&quot;:&quot;1&quot;,&quot;lazyLoad&quot;:&quot;0&quot;,&quot;lightboxOpts&quot;:{&quot;animated&quot;:true,&quot;Thumbs&quot;:{&quot;type&quot;:&quot;modern&quot;,&quot;showOnStart&quot;:false},&quot;Toolbar&quot;:{&quot;display&quot;:{&quot;right&quot;:[&quot;close&quot;]},&quot;enabled&quot;:true},&quot;Carousel&quot;:{&quot;Panzoom&quot;:{&quot;touch&quot;:false},&quot;infinite&quot;:false},&quot;keyboard&quot;:{&quot;Escape&quot;:&quot;close&quot;,&quot;Delete&quot;:&quot;close&quot;,&quot;Backspace&quot;:&quot;close&quot;,&quot;PageUp&quot;:false,&quot;PageDown&quot;:false,&quot;ArrowUp&quot;:false,&quot;ArrowDown&quot;:false,&quot;ArrowRight&quot;:false,&quot;ArrowLeft&quot;:false},&quot;touch&quot;:false,&quot;backdropClick&quot;:false,&quot;l10n&quot;:{&quot;CLOSE&quot;:&quot;Close&quot;,&quot;NEXT&quot;:&quot;Next&quot;,&quot;PREV&quot;:&quot;Previous&quot;,&quot;Error&quot;:&quot;The requested content cannot be loaded. Please try again later.&quot;,&quot;PLAY_START&quot;:&quot;Start slideshow&quot;,&quot;PLAY_STOP&quot;:&quot;Pause slideshow&quot;,&quot;FULL_SCREEN&quot;:&quot;Full screen&quot;,&quot;THUMBS&quot;:&quot;Thumbnails&quot;,&quot;DOWNLOAD&quot;:&quot;Download&quot;,&quot;SHARE&quot;:&quot;Share&quot;,&quot;ZOOM&quot;:&quot;Zoom&quot;,&quot;EMAIL&quot;:&quot;Here is the link to the image : %%image_link%% and this is the link to the gallery : %%gallery_link%%&quot;,&quot;MODAL&quot;:&quot;You can close this modal content with the ESC key&quot;,&quot;ERROR&quot;:&quot;Something Went Wrong, Please Try Again Later&quot;,&quot;IMAGE_ERROR&quot;:&quot;Image Not Found&quot;,&quot;ELEMENT_NOT_FOUND&quot;:&quot;HTML Element Not Found&quot;,&quot;AJAX_NOT_FOUND&quot;:&quot;Error Loading AJAX : Not Found&quot;,&quot;AJAX_FORBIDDEN&quot;:&quot;Error Loading AJAX : Forbidden&quot;,&quot;IFRAME_ERROR&quot;:&quot;Error Loading Page&quot;,&quot;TOGGLE_ZOOM&quot;:&quot;Toggle zoom level&quot;,&quot;TOGGLE_THUMBS&quot;:&quot;Toggle thumbnails&quot;,&quot;TOGGLE_SLIDESHOW&quot;:&quot;Toggle slideshow&quot;,&quot;TOGGLE_FULLSCREEN&quot;:&quot;Toggle full-screen mode&quot;},&quot;Images&quot;:{&quot;Panzoom&quot;:{&quot;maxScale&quot;:2}},&quot;mainClass&quot;:&quot;modula-fancybox-container modula-lightbox-jtg-1897&quot;,&quot;Html&quot;:{&quot;videoAutoplay&quot;:0,&quot;videoTpl&quot;:&quot;&lt;video class=\\&quot;fancybox__html5video\\&quot; controls muted playsinline controlsList controlsList=\\&quot;nodownload\\&quot; poster=\\&quot;{{poster}}\\&quot; src=\\&quot;{{src}}\\&quot; type=\\&quot;{{format}}\\&quot; &gt;  Sorry, your browser doesn&#039;t support embedded videos, &lt;a href=\\&quot;{{src}}\\&quot;&gt; download &lt;\\\/a&gt; and watch with your favorite video player! &lt;\\\/video&gt;&quot;}},&quot;inView&quot;:false,&quot;email_subject&quot;:&quot;Check out this awesome image !!&quot;,&quot;email_message&quot;:&quot;Here is the link to the image : %%image_link%% and this is the link to the gallery : %%gallery_link%%&quot;,&quot;grid_type&quot;:&quot;automatic&quot;,&quot;rowHeight&quot;:0,&quot;lastRow&quot;:&quot;justify&quot;,&quot;lightbox&quot;:&quot;attachment-page&quot;}\">\n\n\t\n\t<!-- Items Container -->\n\t<div  class=\"modula-items grid-gallery\">\n\t\t<div class=\"modula-item modula-simple-link effect-pufrobo\" >\n\t<div class=\"modula-item-overlay\"><\/div>\n\n\t<div class=\"modula-item-content\">\n\n\t\t\t\t\n\t\t\t\t\t<a data-image-id=\"1888\" data-elementor-open-lightbox=\"no\" tabindex=\"0\" class=\"modula-simple-link\" aria-label=\"Open external link\" href=\"https:\/\/www.passam.ch\/de\/membranes\" target=\"_blank\" class=\"tile-inner modula-item-link\"><\/a>\n\t\t\n\t\t<img decoding=\"async\" class=\"pic wp-image-1888\"  data-valign=\"middle\" data-halign=\"center\" alt=\"Membranen\" data-full=\"https:\/\/www.passam.ch\/wp-content\/uploads\/2021\/08\/membranes.jpg\" title=\"Membranen\" width=\"0\" height=\"0\" src=\"https:\/\/www.passam.ch\/wp-content\/uploads\/2021\/08\/membranes.jpg\" data-src=\"https:\/\/www.passam.ch\/wp-content\/uploads\/2021\/08\/membranes.jpg\" data-caption=\"\" srcset=\"https:\/\/www.passam.ch\/wp-content\/uploads\/2021\/08\/membranes.jpg 1686w, https:\/\/www.passam.ch\/wp-content\/uploads\/2021\/08\/membranes-300x200.jpg 300w, https:\/\/www.passam.ch\/wp-content\/uploads\/2021\/08\/membranes-1024x683.jpg 1024w, https:\/\/www.passam.ch\/wp-content\/uploads\/2021\/08\/membranes-768x512.jpg 768w, https:\/\/www.passam.ch\/wp-content\/uploads\/2021\/08\/membranes-1536x1025.jpg 1536w\" sizes=\"(max-width: 1686px) 100vw, 1686px\" \/>\n\t\t<div class=\"figc no-description\">\n\t\t\t<div class=\"figc-inner\">\n\t\t\t\t\t\t\t\t\t<div class='jtg-title'>Membranen<\/div>\n\t\t\t\t\t\t\t\t\t\t\t\t\t\t\t<\/div>\n\t\t<\/div>\n\n\t<\/div>\n\n<\/div><div class=\"modula-item modula-simple-link effect-pufrobo\" >\n\t<div class=\"modula-item-overlay\"><\/div>\n\n\t<div class=\"modula-item-content\">\n\n\t\t\t\t\n\t\t\t\t\t<a data-image-id=\"1890\" data-elementor-open-lightbox=\"no\" tabindex=\"0\" class=\"modula-simple-link\" aria-label=\"Open external link\" href=\"https:\/\/www.passam.ch\/de\/protective-shelter\" target=\"_blank\" class=\"tile-inner modula-item-link\"><\/a>\n\t\t\n\t\t<img loading=\"lazy\" decoding=\"async\" class=\"pic wp-image-1890\"  data-valign=\"middle\" data-halign=\"center\" alt=\"Schutzbeh\u00e4lter\" data-full=\"https:\/\/www.passam.ch\/wp-content\/uploads\/2021\/08\/protection.jpg\" title=\"Schutzbeh\u00e4lter\" width=\"0\" height=\"0\" src=\"https:\/\/www.passam.ch\/wp-content\/uploads\/2021\/08\/protection.jpg\" data-src=\"https:\/\/www.passam.ch\/wp-content\/uploads\/2021\/08\/protection.jpg\" data-caption=\"\" srcset=\"https:\/\/www.passam.ch\/wp-content\/uploads\/2021\/08\/protection.jpg 1125w, https:\/\/www.passam.ch\/wp-content\/uploads\/2021\/08\/protection-300x300.jpg 300w, https:\/\/www.passam.ch\/wp-content\/uploads\/2021\/08\/protection-1024x1024.jpg 1024w, https:\/\/www.passam.ch\/wp-content\/uploads\/2021\/08\/protection-150x150.jpg 150w, https:\/\/www.passam.ch\/wp-content\/uploads\/2021\/08\/protection-768x768.jpg 768w\" sizes=\"(max-width: 1125px) 100vw, 1125px\" \/>\n\t\t<div class=\"figc no-description\">\n\t\t\t<div class=\"figc-inner\">\n\t\t\t\t\t\t\t\t\t<div class='jtg-title'>Schutzbeh\u00e4lter<\/div>\n\t\t\t\t\t\t\t\t\t\t\t\t\t\t\t<\/div>\n\t\t<\/div>\n\n\t<\/div>\n\n<\/div>\t\t\n\t<\/div>\n\n\t\n\t\n\t<script type=\"application\/ld+json\">\n\t{\n\t\t\"@context\": \"http:\/\/schema.org\",\n\t\t\"@type\"   : \"ImageGallery\",\n\t\t\"id\"      : \"https:\/\/www.passam.ch\/de\/accessories\/\",\n\t\t\"url\"     : \"https:\/\/www.passam.ch\/de\/accessories\/\"\n\t}\n\n\t<\/script>\n\n\t\n<\/div><\/p>","protected":false},"excerpt":{"rendered":"<p>Zubeh\u00f6r &nbsp; Das Aussetzen von passiven Probennehmern \u00fcber l\u00e4ngere Zeitr\u00e4ume im Freien bei wechselnden Wetter- und Verkehrsbedingungen k\u00f6nnte das Messverfahren und schlie\u00dflich die Ergebnisse beeintr\u00e4chtigen. Deshalb bietet passam eine Vielzahl von Zubeh\u00f6r an, um Ihre Messungen zu erleichtern und sicherzustellen, dass Ihre Probenehmer unversehrt und analysebereit ins Labor zur\u00fcckkehren. \u2713 Membranen f\u00fcr Rohrprobennehmer zum Schutz vor Witterungseinfl\u00fcssen und Insektenbefall \u2713 Schutzunterstand f\u00fcr die Montage aller [&hellip;]<\/p>\n","protected":false},"author":1,"featured_media":321,"parent":0,"menu_order":0,"comment_status":"closed","ping_status":"closed","template":"","meta":{"_monsterinsights_skip_tracking":false,"_monsterinsights_sitenote_active":false,"_monsterinsights_sitenote_note":"","_monsterinsights_sitenote_category":0,"footnotes":""},"class_list":["post-982","page","type-page","status-publish","has-post-thumbnail","hentry"],"_links":{"self":[{"href":"https:\/\/www.passam.ch\/de\/wp-json\/wp\/v2\/pages\/982","targetHints":{"allow":["GET"]}}],"collection":[{"href":"https:\/\/www.passam.ch\/de\/wp-json\/wp\/v2\/pages"}],"about":[{"href":"https:\/\/www.passam.ch\/de\/wp-json\/wp\/v2\/types\/page"}],"author":[{"embeddable":true,"href":"https:\/\/www.passam.ch\/de\/wp-json\/wp\/v2\/users\/1"}],"replies":[{"embeddable":true,"href":"https:\/\/www.passam.ch\/de\/wp-json\/wp\/v2\/comments?post=982"}],"version-history":[{"count":26,"href":"https:\/\/www.passam.ch\/de\/wp-json\/wp\/v2\/pages\/982\/revisions"}],"predecessor-version":[{"id":2826,"href":"https:\/\/www.passam.ch\/de\/wp-json\/wp\/v2\/pages\/982\/revisions\/2826"}],"wp:featuredmedia":[{"embeddable":true,"href":"https:\/\/www.passam.ch\/de\/wp-json\/wp\/v2\/media\/321"}],"wp:attachment":[{"href":"https:\/\/www.passam.ch\/de\/wp-json\/wp\/v2\/media?parent=982"}],"curies":[{"name":"wp","href":"https:\/\/api.w.org\/{rel}","templated":true}]}}