{"id":979,"date":"2017-10-10T15:09:00","date_gmt":"2017-10-10T15:09:00","guid":{"rendered":"http:\/\/www.passam.ch\/?page_id=979"},"modified":"2023-02-27T13:29:58","modified_gmt":"2023-02-27T13:29:58","slug":"hcl","status":"publish","type":"page","link":"https:\/\/www.passam.ch\/de\/hcl","title":{"rendered":"Chlorwasserstoff"},"content":{"rendered":"<p><a class=\"fasc-button fasc-size-medium fasc-type-flat fasc-rounded-medium fasc-ico-before dashicons-download\" style=\"background-color: #a8d2e3; color: #000000;\" target=\"_blank\" rel=\"noopener noreferrer\" href=\"https:\/\/www.passam.ch\/wp-content\/uploads\/2023\/02\/SP21_HCl_Product-Sheet_2023_EN.pdf\">HCl Datenblatt<\/a>&nbsp;&nbsp; &nbsp;<\/p>\n<p>Salzs\u00e4ure wird bei der Herstellung von Chloriden, D\u00fcngemitteln und Farbstoffen, in der Galvanotechnik sowie in der Foto-, Textil- und Gummiindustrie verwendet.<br \/>\nDie Referenzkonzentration f\u00fcr HCl betr\u00e4gt 20 (\u00b5g\/m3) basierend auf einer Hyperplasie der Nasenschleimhaut, des Kehlkopfes und der Luftr\u00f6hre bei Ratten. Die RfC ist eine Sch\u00e4tzung einer kontinuierlichen Inhalationsexposition der menschlichen Bev\u00f6lkerung, die wahrscheinlich ohne nennenswertes Risiko sch\u00e4dlicher, nicht krebsbedingter Auswirkungen w\u00e4hrend eines Lebens ist. Bei Expositionen, die zunehmend gr\u00f6\u00dfer als die RfC sind, nimmt das Potenzial f\u00fcr sch\u00e4dliche gesundheitliche Auswirkungen zu.<\/p>\n<p>&nbsp;<\/p>\n<h3><strong>HCl-Probenahme<\/strong><\/h3>\n<p>Der Chlorwasserstoff-Diffusionsprobenehmer basiert auf dem Prinzip der Diffusion von Ammoniakmolek\u00fclen auf ein absorbierendes Medium, in diesem Fall Triethanolamin. Die anschlie\u00dfende Analyse erfolgt durch Ionenchromatographie.<\/p>\n<p>Der Diffusionsprobenehmer besteht aus einem Polypropylengeh\u00e4use mit einer \u00d6ffnung von 20 mm Durchmesser. Eine Glasfasermembran, die von einem Drahtnetz gest\u00fctzt wird, wird verwendet, um Windeffekte zu reduzieren. Der Probenehmer wird in einem speziell entworfenen Schutzraum untergebracht, um ihn w\u00e4hrend seiner Exposition zu sch\u00fctzen.<\/p>\n<p><img decoding=\"async\" class=\"alignleft  wp-image-1606\" src=\"https:\/\/www.passam.ch\/wp-content\/uploads\/2020\/11\/3FS_5178-1-1024x1024.jpg\" alt=\"\"width=\"226\" height=\"226\" srcset=\"https:\/\/www.passam.ch\/wp-content\/uploads\/2020\/11\/3FS_5178-1-1024x1024.jpg 1024w, https:\/\/www.passam.ch\/wp-content\/uploads\/2020\/11\/3FS_5178-1-300x300.jpg 300w, https:\/\/www.passam.ch\/wp-content\/uploads\/2020\/11\/3FS_5178-1-150x150.jpg 150w, https:\/\/www.passam.ch\/wp-content\/uploads\/2020\/11\/3FS_5178-1-768x768.jpg 768w, https:\/\/www.passam.ch\/wp-content\/uploads\/2020\/11\/3FS_5178-1-1536x1536.jpg 1536w, https:\/\/www.passam.ch\/wp-content\/uploads\/2020\/11\/3FS_5178-1-2048x2048.jpg 2048w\" sizes=\"(max-width: 1024px) 100vw, 1024px\" \/> <img fetchpriority=\"high\" decoding=\"async\" class=\"alignleft wp-image-1707\" src=\"https:\/\/www.passam.ch\/wp-content\/uploads\/2020\/11\/3FS_5228-1024x684.jpg\" alt=\"\" width=\"337\" height=\"225\" srcset=\"https:\/\/www.passam.ch\/wp-content\/uploads\/2020\/11\/3FS_5228-1024x684.jpg 1024w, https:\/\/www.passam.ch\/wp-content\/uploads\/2020\/11\/3FS_5228-300x200.jpg 300w, https:\/\/www.passam.ch\/wp-content\/uploads\/2020\/11\/3FS_5228-768x513.jpg 768w, https:\/\/www.passam.ch\/wp-content\/uploads\/2020\/11\/3FS_5228-1536x1025.jpg 1536w, https:\/\/www.passam.ch\/wp-content\/uploads\/2020\/11\/3FS_5228-2048x1367.jpg 2048w\" sizes=\"(max-width: 337px) 100vw, 337px\" \/><\/p>","protected":false},"excerpt":{"rendered":"<p>HCl Datenblatt&nbsp;&nbsp; &nbsp; Salzs\u00e4ure wird bei der Herstellung von Chloriden, D\u00fcngemitteln und Farbstoffen, in der Galvanotechnik sowie in der Foto-, Textil- und Gummiindustrie verwendet. Die Referenzkonzentration f\u00fcr HCl betr\u00e4gt 20 (\u00b5g\/m3) basierend auf einer Hyperplasie der Nasenschleimhaut, des Kehlkopfes und der Luftr\u00f6hre bei Ratten. Die RfC ist eine Sch\u00e4tzung einer kontinuierlichen Inhalationsexposition der menschlichen Bev\u00f6lkerung, die wahrscheinlich ohne nennenswertes Risiko sch\u00e4dlicher, nicht krebsbedingter Auswirkungen w\u00e4hrend [&hellip;]<\/p>\n","protected":false},"author":1,"featured_media":347,"parent":0,"menu_order":0,"comment_status":"closed","ping_status":"closed","template":"","meta":{"_monsterinsights_skip_tracking":false,"_monsterinsights_sitenote_active":false,"_monsterinsights_sitenote_note":"","_monsterinsights_sitenote_category":0,"footnotes":""},"class_list":["post-979","page","type-page","status-publish","has-post-thumbnail","hentry"],"_links":{"self":[{"href":"https:\/\/www.passam.ch\/de\/wp-json\/wp\/v2\/pages\/979","targetHints":{"allow":["GET"]}}],"collection":[{"href":"https:\/\/www.passam.ch\/de\/wp-json\/wp\/v2\/pages"}],"about":[{"href":"https:\/\/www.passam.ch\/de\/wp-json\/wp\/v2\/types\/page"}],"author":[{"embeddable":true,"href":"https:\/\/www.passam.ch\/de\/wp-json\/wp\/v2\/users\/1"}],"replies":[{"embeddable":true,"href":"https:\/\/www.passam.ch\/de\/wp-json\/wp\/v2\/comments?post=979"}],"version-history":[{"count":14,"href":"https:\/\/www.passam.ch\/de\/wp-json\/wp\/v2\/pages\/979\/revisions"}],"predecessor-version":[{"id":2791,"href":"https:\/\/www.passam.ch\/de\/wp-json\/wp\/v2\/pages\/979\/revisions\/2791"}],"wp:featuredmedia":[{"embeddable":true,"href":"https:\/\/www.passam.ch\/de\/wp-json\/wp\/v2\/media\/347"}],"wp:attachment":[{"href":"https:\/\/www.passam.ch\/de\/wp-json\/wp\/v2\/media?parent=979"}],"curies":[{"name":"wp","href":"https:\/\/api.w.org\/{rel}","templated":true}]}}