{"id":973,"date":"2017-10-10T15:07:36","date_gmt":"2017-10-10T15:07:36","guid":{"rendered":"http:\/\/www.passam.ch\/?page_id=973"},"modified":"2025-09-29T11:00:53","modified_gmt":"2025-09-29T11:00:53","slug":"hf","status":"publish","type":"page","link":"https:\/\/www.passam.ch\/de\/hf","title":{"rendered":"Fluorwasserstoff"},"content":{"rendered":"<p><a class=\"fasc-button fasc-size-medium fasc-type-flat fasc-rounded-medium fasc-ico-before dashicons-download\" style=\"background-color: #a8d2e3; color: #000000;\" target=\"_blank\" rel=\"noopener noreferrer\" href=\"https:\/\/www.passam.ch\/wp-content\/uploads\/2025\/09\/Produktdatenblatt-HF_2025.pdf\">HF Datenblatt<\/a>&nbsp;&nbsp; &nbsp;<\/p>\n<p>Fluorwasserstoff wird in der Glas\u00e4tz-, Elektronik- und chemischen Industrie sowie bei der Herstellung von Aluminium und Fluorchlorkohlenwasserstoffen verwendet.<\/p>\n<p>Die kalifornische Umweltschutzbeh\u00f6rde CalEPA (California Environmental Protection Agency) hat f\u00fcr Fluorwasserstoff einen Referenzwert (REL) f\u00fcr chronische Inhalation von 30 ug pro Kubikmeter berechnet, der auf den Auswirkungen auf die Knochendichte beim Menschen basiert. Bei lebenslanger Exposition zunehmend gr\u00f6\u00dfer als der Referenzexpositionsh\u00f6he steigt das Potenzial f\u00fcr gesundheitssch\u00e4dliche Auswirkungen.<br \/>\n&nbsp;<\/p>\n<h3><strong>HF-Probenahme<\/strong><\/h3>\n<p>Der Probenehmer sammelt HF durch molekulare Diffusion entlang eines inerten R\u00f6hrchens zu einem Absorbens, in diesem Fall Triethanolamin.<\/p>\n<p>Der Probenehmer wird mit Hilfe einer Klammer befestigt; die Kunststoffkappe wird zu Beginn der Probenahme entfernt, so dass HF durch molekulare Diffusion durch das Rohr hinauf zum TEA transportiert werden kann, wo es zur\u00fcckgehalten wird. Am Ende der Probenahme wird die Kappe wieder aufgesetzt, und die gesammelte HF wird spektrophotometrisch bestimmt. Der Probenehmer wird in einem speziell entworfenen Schutzraum untergebracht, um ihn w\u00e4hrend seiner Exposition zu sch\u00fctzen.<\/p>\n<p><img fetchpriority=\"high\" decoding=\"async\" class=\"alignleft  wp-image-1609\" src=\"https:\/\/www.passam.ch\/wp-content\/uploads\/2020\/11\/3FS_5186-1-1024x1024.jpg\" alt=\"\"  width=\"226\" height=\"226\" srcset=\"https:\/\/www.passam.ch\/wp-content\/uploads\/2020\/11\/3FS_5186-1-1024x1024.jpg 1024w, https:\/\/www.passam.ch\/wp-content\/uploads\/2020\/11\/3FS_5186-1-300x300.jpg 300w, https:\/\/www.passam.ch\/wp-content\/uploads\/2020\/11\/3FS_5186-1-150x150.jpg 150w, https:\/\/www.passam.ch\/wp-content\/uploads\/2020\/11\/3FS_5186-1-768x768.jpg 768w, https:\/\/www.passam.ch\/wp-content\/uploads\/2020\/11\/3FS_5186-1-1536x1536.jpg 1536w, https:\/\/www.passam.ch\/wp-content\/uploads\/2020\/11\/3FS_5186-1-2048x2048.jpg 2048w\" sizes=\"(max-width: 226px) 100vw, 226px\" \/> <img decoding=\"async\" class=\"alignleft wp-image-1707\" src=\"https:\/\/www.passam.ch\/wp-content\/uploads\/2020\/11\/3FS_5228-1024x684.jpg\" alt=\"\" width=\"337\" height=\"225\" srcset=\"https:\/\/www.passam.ch\/wp-content\/uploads\/2020\/11\/3FS_5228-1024x684.jpg 1024w, https:\/\/www.passam.ch\/wp-content\/uploads\/2020\/11\/3FS_5228-300x200.jpg 300w, https:\/\/www.passam.ch\/wp-content\/uploads\/2020\/11\/3FS_5228-768x513.jpg 768w, https:\/\/www.passam.ch\/wp-content\/uploads\/2020\/11\/3FS_5228-1536x1025.jpg 1536w, https:\/\/www.passam.ch\/wp-content\/uploads\/2020\/11\/3FS_5228-2048x1367.jpg 2048w\" sizes=\"(max-width: 337px) 100vw, 337px\" \/><\/p>","protected":false},"excerpt":{"rendered":"<p>HF Datenblatt&nbsp;&nbsp; &nbsp; Fluorwasserstoff wird in der Glas\u00e4tz-, Elektronik- und chemischen Industrie sowie bei der Herstellung von Aluminium und Fluorchlorkohlenwasserstoffen verwendet. Die kalifornische Umweltschutzbeh\u00f6rde CalEPA (California Environmental Protection Agency) hat f\u00fcr Fluorwasserstoff einen Referenzwert (REL) f\u00fcr chronische Inhalation von 30 ug pro Kubikmeter berechnet, der auf den Auswirkungen auf die Knochendichte beim Menschen basiert. Bei lebenslanger Exposition zunehmend gr\u00f6\u00dfer als der Referenzexpositionsh\u00f6he steigt das Potenzial [&hellip;]<\/p>\n","protected":false},"author":1,"featured_media":687,"parent":0,"menu_order":0,"comment_status":"closed","ping_status":"closed","template":"","meta":{"_monsterinsights_skip_tracking":false,"_monsterinsights_sitenote_active":false,"_monsterinsights_sitenote_note":"","_monsterinsights_sitenote_category":0,"footnotes":""},"class_list":["post-973","page","type-page","status-publish","has-post-thumbnail","hentry"],"_links":{"self":[{"href":"https:\/\/www.passam.ch\/de\/wp-json\/wp\/v2\/pages\/973","targetHints":{"allow":["GET"]}}],"collection":[{"href":"https:\/\/www.passam.ch\/de\/wp-json\/wp\/v2\/pages"}],"about":[{"href":"https:\/\/www.passam.ch\/de\/wp-json\/wp\/v2\/types\/page"}],"author":[{"embeddable":true,"href":"https:\/\/www.passam.ch\/de\/wp-json\/wp\/v2\/users\/1"}],"replies":[{"embeddable":true,"href":"https:\/\/www.passam.ch\/de\/wp-json\/wp\/v2\/comments?post=973"}],"version-history":[{"count":11,"href":"https:\/\/www.passam.ch\/de\/wp-json\/wp\/v2\/pages\/973\/revisions"}],"predecessor-version":[{"id":3153,"href":"https:\/\/www.passam.ch\/de\/wp-json\/wp\/v2\/pages\/973\/revisions\/3153"}],"wp:featuredmedia":[{"embeddable":true,"href":"https:\/\/www.passam.ch\/de\/wp-json\/wp\/v2\/media\/687"}],"wp:attachment":[{"href":"https:\/\/www.passam.ch\/de\/wp-json\/wp\/v2\/media?parent=973"}],"curies":[{"name":"wp","href":"https:\/\/api.w.org\/{rel}","templated":true}]}}