{"id":970,"date":"2017-10-10T15:06:18","date_gmt":"2017-10-10T15:06:18","guid":{"rendered":"http:\/\/www.passam.ch\/?page_id=970"},"modified":"2023-02-27T13:26:03","modified_gmt":"2023-02-27T13:26:03","slug":"ch2o","status":"publish","type":"page","link":"https:\/\/www.passam.ch\/de\/ch2o","title":{"rendered":"Formaldehyd"},"content":{"rendered":"<p><a class=\"fasc-button fasc-size-medium fasc-type-flat fasc-rounded-medium fasc-ico-before dashicons-download\" style=\"background-color: #a8d2e3; color: #000000;\" target=\"_blank\" rel=\"noopener noreferrer\" href=\"https:\/\/www.passam.ch\/wp-content\/uploads\/2023\/02\/SP06_CH2O_Product-Sheet_2023_EN.pdf\">CH<sub>2<\/sub>O Datenblatt<\/a>&nbsp;&nbsp; &nbsp;<\/p>\n<p>Formaldehyd ist bei Raumtemperatur ein farbloses Gas und hat einen sehr stechenden Geruch. Es ist als fl\u00fcchtige organische Verbindung (VOC) klassifiziert und wird als Beschichtung, Harz und\/oder Klebstoff in vielen Baumaterialien verwendet. Die Hauptquellen von CH<sub>2<\/sub>O in Innenr\u00e4umen sind Holzverbundprodukte, wie z.B. mitteldichte Faserplatten und Spanplatten. CH<sub>2<\/sub>O wird auch bei der Herstellung einiger Teppichr\u00fcckenbel\u00e4ge und Harnstoff-Formaldehyd-Schaumisolierungen verwendet.<\/p>\n<p>Wenn es in hohen Konzentrationen vorliegt, kann CH<sub>2<\/sub>O Symptome wie Reizung von Augen, Nase und Rachen, Husten und Atembeschwerden verursachen. Asthmaanf\u00e4lle, \u00dcbelkeit, Erbrechen, Kopfschmerzen und Nasenbluten k\u00f6nnen ebenfalls auftreten.<\/p>\n<p>&nbsp;<\/p>\n<h3><strong>CH<sub>2<\/sub>O-Probenahme<\/strong><\/h3>\n<p>CH<sub>2<\/sub>O diffundiert durch das Rohr mit einer Geschwindigkeit, die vom Fick&#8217;schen Gesetz der Diffusion abh\u00e4ngt. Der behandelte Filter am unteren Ende des Rohrs h\u00e4lt eine CH<sub>2<\/sub>O-Konzentration nahe Null an der Basis aufrecht; daher steht die Menge des durch den Diffusionsweg transportierten CH<sub>2<\/sub>O im Zusammenhang mit der Umgebungskonzentration und der Dauer der Exposition. Das gesammelte CH<sub>2<\/sub>O wird im Labor mit Hilfe der Chromotropins\u00e4ureverfahren quantifiziert.<\/p>\n<p>Der Probenehmer besteht aus einem mit Natriumbisulfid behandelten Glasfaserfilter, der sich in einem Glasfl\u00e4schchen befindet, das bei Nichtgebrauch mit einem Deckel versehen ist.<\/p>\n<p><img fetchpriority=\"high\" decoding=\"async\" class=\"alignleft size-large wp-image-1608\" src=\"https:\/\/www.passam.ch\/wp-content\/uploads\/2020\/11\/3FS_5184-1-1024x1024.jpg\" alt=\"\" width=\"226\" height=\"226\" srcset=\"https:\/\/www.passam.ch\/wp-content\/uploads\/2020\/11\/3FS_5184-1-1024x1024.jpg 1024w, https:\/\/www.passam.ch\/wp-content\/uploads\/2020\/11\/3FS_5184-1-300x300.jpg 300w, https:\/\/www.passam.ch\/wp-content\/uploads\/2020\/11\/3FS_5184-1-150x150.jpg 150w, https:\/\/www.passam.ch\/wp-content\/uploads\/2020\/11\/3FS_5184-1-768x768.jpg 768w, https:\/\/www.passam.ch\/wp-content\/uploads\/2020\/11\/3FS_5184-1-1536x1536.jpg 1536w, https:\/\/www.passam.ch\/wp-content\/uploads\/2020\/11\/3FS_5184-1-2048x2048.jpg 2048w\" sizes=\"(max-width: 226px) 100vw, 226px\" \/><\/p>","protected":false},"excerpt":{"rendered":"<p>CH2O Datenblatt&nbsp;&nbsp; &nbsp; Formaldehyd ist bei Raumtemperatur ein farbloses Gas und hat einen sehr stechenden Geruch. Es ist als fl\u00fcchtige organische Verbindung (VOC) klassifiziert und wird als Beschichtung, Harz und\/oder Klebstoff in vielen Baumaterialien verwendet. Die Hauptquellen von CH2O in Innenr\u00e4umen sind Holzverbundprodukte, wie z.B. mitteldichte Faserplatten und Spanplatten. CH2O wird auch bei der Herstellung einiger Teppichr\u00fcckenbel\u00e4ge und Harnstoff-Formaldehyd-Schaumisolierungen verwendet. Wenn es in hohen Konzentrationen [&hellip;]<\/p>\n","protected":false},"author":1,"featured_media":687,"parent":0,"menu_order":0,"comment_status":"closed","ping_status":"closed","template":"","meta":{"_monsterinsights_skip_tracking":false,"_monsterinsights_sitenote_active":false,"_monsterinsights_sitenote_note":"","_monsterinsights_sitenote_category":0,"footnotes":""},"class_list":["post-970","page","type-page","status-publish","has-post-thumbnail","hentry"],"_links":{"self":[{"href":"https:\/\/www.passam.ch\/de\/wp-json\/wp\/v2\/pages\/970","targetHints":{"allow":["GET"]}}],"collection":[{"href":"https:\/\/www.passam.ch\/de\/wp-json\/wp\/v2\/pages"}],"about":[{"href":"https:\/\/www.passam.ch\/de\/wp-json\/wp\/v2\/types\/page"}],"author":[{"embeddable":true,"href":"https:\/\/www.passam.ch\/de\/wp-json\/wp\/v2\/users\/1"}],"replies":[{"embeddable":true,"href":"https:\/\/www.passam.ch\/de\/wp-json\/wp\/v2\/comments?post=970"}],"version-history":[{"count":14,"href":"https:\/\/www.passam.ch\/de\/wp-json\/wp\/v2\/pages\/970\/revisions"}],"predecessor-version":[{"id":2785,"href":"https:\/\/www.passam.ch\/de\/wp-json\/wp\/v2\/pages\/970\/revisions\/2785"}],"wp:featuredmedia":[{"embeddable":true,"href":"https:\/\/www.passam.ch\/de\/wp-json\/wp\/v2\/media\/687"}],"wp:attachment":[{"href":"https:\/\/www.passam.ch\/de\/wp-json\/wp\/v2\/media?parent=970"}],"curies":[{"name":"wp","href":"https:\/\/api.w.org\/{rel}","templated":true}]}}