{"id":91,"date":"2016-10-23T15:04:41","date_gmt":"2016-10-23T15:04:41","guid":{"rendered":"http:\/\/srv140.centinated.ch\/~passam23\/wp\/\/?page_id=91"},"modified":"2025-06-30T12:22:26","modified_gmt":"2025-06-30T12:22:26","slug":"ozone","status":"publish","type":"page","link":"https:\/\/www.passam.ch\/de\/ozone","title":{"rendered":"Ozon"},"content":{"rendered":"<p><\/p>\n<h2>Passivsammler f\u00fcr Ozon<\/h2>\n<p><img fetchpriority=\"high\" decoding=\"async\" class=\"alignleft wp-image-1612\" src=\"https:\/\/www.passam.ch\/wp-content\/uploads\/2020\/11\/3FS_5196-1-1024x1024.jpg\" alt=\"\" width=\"226\" height=\"226\" srcset=\"https:\/\/www.passam.ch\/wp-content\/uploads\/2020\/11\/3FS_5196-1-1024x1024.jpg 1024w, https:\/\/www.passam.ch\/wp-content\/uploads\/2020\/11\/3FS_5196-1-300x300.jpg 300w, https:\/\/www.passam.ch\/wp-content\/uploads\/2020\/11\/3FS_5196-1-150x150.jpg 150w, https:\/\/www.passam.ch\/wp-content\/uploads\/2020\/11\/3FS_5196-1-768x768.jpg 768w, https:\/\/www.passam.ch\/wp-content\/uploads\/2020\/11\/3FS_5196-1-1536x1536.jpg 1536w, https:\/\/www.passam.ch\/wp-content\/uploads\/2020\/11\/3FS_5196-1-2048x2048.jpg 2048w\" sizes=\"(max-width: 226px) 100vw, 226px\" \/><\/p>\n<p>&nbsp;<\/p>\n<p>Schadstoff: O3<\/p>\n<p>Passivsammlertyp: Badge<\/p>\n<p>Produktnummer: SP20<\/p>\n<p><a class=\"fasc-button fasc-size-medium fasc-type-flat fasc-rounded-medium fasc-ico-before dashicons-download\" style=\"background-color: #034e93; color: #ffffff;\" target=\"_blank\" href=\"https:\/\/www.passam.ch\/wp-content\/uploads\/2025\/06\/Produktdatenblatt-O3-SP20.pdf\">\u039f3 Datenblatt<\/a>&nbsp;&nbsp; &nbsp;<\/p>\n<p>&nbsp;<\/p>\n<h3>&nbsp;<\/h3>\n<h3>Was ist Ozon?<\/h3>\n<p>Ozon ist ein farbloses und geruchloses Gas. Es ist der Hauptbestandteil von Smog und der am weitesten verbreitete Luftschadstoff. Ozon wird nicht direkt in die Luft emittiert, sondern entsteht durch Reaktionen in Gegenwart von Sonnenlicht und W\u00e4rme. Ozon ist leicht transportierbar und daher ist sein gesundheitsgef\u00e4hrdendes Vorkommen nicht an seine spezifischen Quellen gebunden.<\/p>\n<p>&nbsp;<\/p>\n<h3>Funktionsprinzip<\/h3>\n<p>Der Diffusionsprobenehmer basiert auf der Diffusion von Ozon entlang eines Rohres in ein absorbierendes Medium. Die Chemisorption von Ozon erfolgt durch Reaktion mit Natriumnitrit. Die Nitratmenge wird durch Ionenhromatographie bestimmt.<\/p>\n<p>Die Passivsammler bestehen aus einem Polypropylengeh\u00e4use mit einer \u00d6ffnung von 20 mm Durchmesser. Zur Verringerung von Windst\u00f6rungen ist eine Membran angebracht, die von einem Drahtnetz gest\u00fctzt wird. Am geschlossenen Ende befindet sich ein Glasfaserfilter, der in eine L\u00f6sung von Natriumnitrit in Essigs\u00e4ure getaucht ist. Der Probenehmer wird in einem speziell entworfenen Schutzraum untergebracht, um ihn w\u00e4hrend seiner Exposition vor Witterungseinfl\u00fcssen zu sch\u00fctzen.<\/p>\n<p>&nbsp;<\/p>\n<h3>Zubeh\u00f6r<\/h3>\n<p>Wir empfehlen dringend, diese Passivsammler mit einem Schutzbeh\u00e4lter zu verwenden, um vor Wettereinfl\u00fcssen zu sch\u00fctzen und so die Messqualit\u00e4t zu verbessern.<\/p>\n<p><img decoding=\"async\" class=\"alignleft wp-image-1707\" src=\"https:\/\/www.passam.ch\/wp-content\/uploads\/2020\/11\/3FS_5228-1024x684.jpg\" alt=\"\" width=\"337\" height=\"225\" srcset=\"https:\/\/www.passam.ch\/wp-content\/uploads\/2020\/11\/3FS_5228-1024x684.jpg 1024w, https:\/\/www.passam.ch\/wp-content\/uploads\/2020\/11\/3FS_5228-300x200.jpg 300w, https:\/\/www.passam.ch\/wp-content\/uploads\/2020\/11\/3FS_5228-768x513.jpg 768w, https:\/\/www.passam.ch\/wp-content\/uploads\/2020\/11\/3FS_5228-1536x1025.jpg 1536w, https:\/\/www.passam.ch\/wp-content\/uploads\/2020\/11\/3FS_5228-2048x1367.jpg 2048w\" sizes=\"(max-width: 337px) 100vw, 337px\" \/><\/p>","protected":false},"excerpt":{"rendered":"<p>Passivsammler f\u00fcr Ozon &nbsp; Schadstoff: O3 Passivsammlertyp: Badge Produktnummer: SP20 \u039f3 Datenblatt&nbsp;&nbsp; &nbsp; &nbsp; &nbsp; Was ist Ozon? Ozon ist ein farbloses und geruchloses Gas. Es ist der Hauptbestandteil von Smog und der am weitesten verbreitete Luftschadstoff. Ozon wird nicht direkt in die Luft emittiert, sondern entsteht durch Reaktionen in Gegenwart von Sonnenlicht und W\u00e4rme. Ozon ist leicht transportierbar und daher ist sein gesundheitsgef\u00e4hrdendes Vorkommen [&hellip;]<\/p>\n","protected":false},"author":1,"featured_media":763,"parent":0,"menu_order":0,"comment_status":"closed","ping_status":"closed","template":"","meta":{"_monsterinsights_skip_tracking":false,"_monsterinsights_sitenote_active":false,"_monsterinsights_sitenote_note":"","_monsterinsights_sitenote_category":0,"footnotes":""},"class_list":["post-91","page","type-page","status-publish","has-post-thumbnail","hentry"],"_links":{"self":[{"href":"https:\/\/www.passam.ch\/de\/wp-json\/wp\/v2\/pages\/91","targetHints":{"allow":["GET"]}}],"collection":[{"href":"https:\/\/www.passam.ch\/de\/wp-json\/wp\/v2\/pages"}],"about":[{"href":"https:\/\/www.passam.ch\/de\/wp-json\/wp\/v2\/types\/page"}],"author":[{"embeddable":true,"href":"https:\/\/www.passam.ch\/de\/wp-json\/wp\/v2\/users\/1"}],"replies":[{"embeddable":true,"href":"https:\/\/www.passam.ch\/de\/wp-json\/wp\/v2\/comments?post=91"}],"version-history":[{"count":34,"href":"https:\/\/www.passam.ch\/de\/wp-json\/wp\/v2\/pages\/91\/revisions"}],"predecessor-version":[{"id":3031,"href":"https:\/\/www.passam.ch\/de\/wp-json\/wp\/v2\/pages\/91\/revisions\/3031"}],"wp:featuredmedia":[{"embeddable":true,"href":"https:\/\/www.passam.ch\/de\/wp-json\/wp\/v2\/media\/763"}],"wp:attachment":[{"href":"https:\/\/www.passam.ch\/de\/wp-json\/wp\/v2\/media?parent=91"}],"curies":[{"name":"wp","href":"https:\/\/api.w.org\/{rel}","templated":true}]}}