{"id":74,"date":"2016-10-23T14:53:40","date_gmt":"2016-10-23T14:53:40","guid":{"rendered":"http:\/\/srv140.centinated.ch\/~passam23\/wp\/\/?page_id=74"},"modified":"2023-02-27T13:16:58","modified_gmt":"2023-02-27T13:16:58","slug":"nitrogen-dioxide","status":"publish","type":"page","link":"https:\/\/www.passam.ch\/de\/nitrogen-dioxide","title":{"rendered":"Stickstoffdioxid Kurzzeit"},"content":{"rendered":"<p><a class=\"fasc-button fasc-size-medium fasc-type-flat fasc-rounded-medium fasc-ico-before dashicons-download\" style=\"background-color: #a8d2e3; color: #000000;\" target=\"_blank\" rel=\"noopener noreferrer\" href=\"https:\/\/www.passam.ch\/wp-content\/uploads\/2023\/02\/SP15_NO2_short-term_Product-Sheet_2023_EN.pdf\">NO<sub>2<\/sub> Datenblatt<\/a>&nbsp;&nbsp; &nbsp;<\/p>\n<p>Stickstoffdioxid ist ein \u00fcbel riechender wichtiger Luftschadstoff in st\u00e4dtischen Gebieten und St\u00e4dten. Es tr\u00e4gt zur Bildung von Smog bei und kann bei \u00dcberschreiten einer bestimmten Konzentration die menschliche Gesundheit stark beeintr\u00e4chtigen. Hauptquellen von Stickstoffdioxid sind die Verbrennung fossiler Brennstoffe, Kraftfahrzeugabgase, die Benzin- und Metallraffination, die Stromerzeugung und andere Fertigungsindustrien.<\/p>\n<p>&nbsp;<\/p>\n<h3><strong>Kurzfristige Probenahme<\/strong><\/h3>\n<p>Die passiven Probenehmer zur Messung von Stickstoffdioxid basieren auf dem Prinzip der NO<sub>2<\/sub>-Diffusion auf das Absorbens Triethanolamin. Das gesammelte NO<sub>2<\/sub> wird dann spektrophotometrisch mit der bew\u00e4hrten Saltzmann-Methode bestimmt. Da die Probenehmer f\u00fcr den Betrieb ohne Stromversorgung ausgelegt sind, sind sie f\u00fcr den Betrieb in schwierigen Umgebungen optimiert.<\/p>\n<p>Der Passiv-Probenehmer zur Messung von Kurzzeit-Stickstoffdioxid besteht aus einem Polypropylen-Geh\u00e4use mit einer spezifischen \u00d6ffnung von 20 mm Durchmesser. Eine Glasfasermembran ist befestigt und wird von einem Drahtnetz gest\u00fctzt, um alle Arten von meteorologischen St\u00f6rungen zu eliminieren. Der Probenehmer wird in einem speziell entworfenen Schutzraum untergebracht, um ihn w\u00e4hrend seiner Exposition zu sch\u00fctzen.<\/p>\n<p><img fetchpriority=\"high\" decoding=\"async\" class=\"alignleft wp-image-1611\" src=\"https:\/\/www.passam.ch\/wp-content\/uploads\/2020\/11\/3FS_5192-1-1024x1024.jpg\" alt=\"\" width=\"226\" height=\"226\" srcset=\"https:\/\/www.passam.ch\/wp-content\/uploads\/2020\/11\/3FS_5192-1-1024x1024.jpg 1024w, https:\/\/www.passam.ch\/wp-content\/uploads\/2020\/11\/3FS_5192-1-300x300.jpg 300w, https:\/\/www.passam.ch\/wp-content\/uploads\/2020\/11\/3FS_5192-1-150x150.jpg 150w, https:\/\/www.passam.ch\/wp-content\/uploads\/2020\/11\/3FS_5192-1-768x768.jpg 768w, https:\/\/www.passam.ch\/wp-content\/uploads\/2020\/11\/3FS_5192-1-1536x1536.jpg 1536w, https:\/\/www.passam.ch\/wp-content\/uploads\/2020\/11\/3FS_5192-1-2048x2048.jpg 2048w\" sizes=\"(max-width: 226px) 100vw, 226px\" \/> <img decoding=\"async\" class=\"alignleft wp-image-1707\" src=\"https:\/\/www.passam.ch\/wp-content\/uploads\/2020\/11\/3FS_5228-1024x684.jpg\" alt=\"\" width=\"337\" height=\"225\" srcset=\"https:\/\/www.passam.ch\/wp-content\/uploads\/2020\/11\/3FS_5228-1024x684.jpg 1024w, https:\/\/www.passam.ch\/wp-content\/uploads\/2020\/11\/3FS_5228-300x200.jpg 300w, https:\/\/www.passam.ch\/wp-content\/uploads\/2020\/11\/3FS_5228-768x513.jpg 768w, https:\/\/www.passam.ch\/wp-content\/uploads\/2020\/11\/3FS_5228-1536x1025.jpg 1536w, https:\/\/www.passam.ch\/wp-content\/uploads\/2020\/11\/3FS_5228-2048x1367.jpg 2048w\" sizes=\"(max-width: 337px) 100vw, 337px\" \/><\/p>","protected":false},"excerpt":{"rendered":"<p>NO2 Datenblatt&nbsp;&nbsp; &nbsp; Stickstoffdioxid ist ein \u00fcbel riechender wichtiger Luftschadstoff in st\u00e4dtischen Gebieten und St\u00e4dten. Es tr\u00e4gt zur Bildung von Smog bei und kann bei \u00dcberschreiten einer bestimmten Konzentration die menschliche Gesundheit stark beeintr\u00e4chtigen. Hauptquellen von Stickstoffdioxid sind die Verbrennung fossiler Brennstoffe, Kraftfahrzeugabgase, die Benzin- und Metallraffination, die Stromerzeugung und andere Fertigungsindustrien. &nbsp; Kurzfristige Probenahme Die passiven Probenehmer zur Messung von Stickstoffdioxid basieren auf dem [&hellip;]<\/p>\n","protected":false},"author":1,"featured_media":350,"parent":0,"menu_order":0,"comment_status":"closed","ping_status":"closed","template":"","meta":{"_monsterinsights_skip_tracking":false,"_monsterinsights_sitenote_active":false,"_monsterinsights_sitenote_note":"","_monsterinsights_sitenote_category":0,"footnotes":""},"class_list":["post-74","page","type-page","status-publish","has-post-thumbnail","hentry"],"_links":{"self":[{"href":"https:\/\/www.passam.ch\/de\/wp-json\/wp\/v2\/pages\/74","targetHints":{"allow":["GET"]}}],"collection":[{"href":"https:\/\/www.passam.ch\/de\/wp-json\/wp\/v2\/pages"}],"about":[{"href":"https:\/\/www.passam.ch\/de\/wp-json\/wp\/v2\/types\/page"}],"author":[{"embeddable":true,"href":"https:\/\/www.passam.ch\/de\/wp-json\/wp\/v2\/users\/1"}],"replies":[{"embeddable":true,"href":"https:\/\/www.passam.ch\/de\/wp-json\/wp\/v2\/comments?post=74"}],"version-history":[{"count":78,"href":"https:\/\/www.passam.ch\/de\/wp-json\/wp\/v2\/pages\/74\/revisions"}],"predecessor-version":[{"id":2774,"href":"https:\/\/www.passam.ch\/de\/wp-json\/wp\/v2\/pages\/74\/revisions\/2774"}],"wp:featuredmedia":[{"embeddable":true,"href":"https:\/\/www.passam.ch\/de\/wp-json\/wp\/v2\/media\/350"}],"wp:attachment":[{"href":"https:\/\/www.passam.ch\/de\/wp-json\/wp\/v2\/media?parent=74"}],"curies":[{"name":"wp","href":"https:\/\/api.w.org\/{rel}","templated":true}]}}