{"id":2,"date":"2016-10-16T12:18:20","date_gmt":"2016-10-16T12:18:20","guid":{"rendered":"http:\/\/srv140.centinated.ch\/~passam23\/wp\/\/?page_id=2"},"modified":"2025-02-07T09:47:59","modified_gmt":"2025-02-07T09:47:59","slug":"sample-page","status":"publish","type":"page","link":"https:\/\/www.passam.ch\/de\/","title":{"rendered":"Unternehmen"},"content":{"rendered":"<p><\/p>\n<p style=\"text-align: left;\">Wir sind ein <a href=\"https:\/\/www.sas.admin.ch\/sas\/en\/home.html\" target=\"_blank\" rel=\"noopener noreferrer\">akkreditiertes<\/a> Pr\u00fcflabor f\u00fcr Luftanalysen im Aussen-, Wohn- und Arbeitsplatzbereich mit Sitz in der Schweiz. Seit mehr als 30 Jahren bieten wir \u00fcberzeugende L\u00f6sungen um Luftverschmutzungen mittels Passivsammler, wie zum Beispiel, Stickoxide, Ozon, Feinstaub und viele mehr, zu messen.<\/p>\n<p style=\"text-align: left;\"><a href=\"https:\/\/www.passam.ch\/wp-content\/uploads\/2025\/02\/02-005233.70-Urkunde-de-sig.pdf\" target=\"_blank\" rel=\"noopener noreferrer\"><img decoding=\"async\" class=\"aligncenter wp-image-1306\" src=\"https:\/\/www.passam.ch-content\/uploads\/2017\/09\/accreditation.png\" alt=\"\" width=\"213\" height=\"204\" srcset=\"https:\/\/www.passam.ch\/wp-content\/uploads\/2017\/09\/accreditation.png 599w, https:\/\/www.passam.ch\/wp-content\/uploads\/2017\/09\/accreditation-300x287.png 300w\" sizes=\"(max-width: 213px) 100vw, 213px\" \/><\/a><\/p>\n<p style=\"text-align: left;\">Wir stellen Passivsammler in der Schweiz her und analysieren diese nach Exposition mittels Spektrophotometrie, Gas- und Ionenchromatographie unter Einbehalt der Vorgaben gem\u00e4ss Norm DIN EN ISO\/IEC 17025. Damit stellen wir sicher, dass die Resultate \u00e4usserst zuverl\u00e4ssig sind.<\/p>\n<p style=\"text-align: left;\">Ausserdem garantieren wir:<\/p>\n<ul>\n<li style=\"text-align: left;\">Vergleichbare Resultate in Langzeitstudien<\/li>\n<li style=\"text-align: left;\">R\u00fcckf\u00fchrbarkeit der Analytik<\/li>\n<li style=\"text-align: left;\">Transparente Evaluierung der Messungenauigkeit<\/li>\n<li style=\"text-align: left;\">Kosteng\u00fcnstige und effiziente L\u00f6sungen massgeschneidert nach ihren Bed\u00fcrfnissen<\/li>\n<\/ul>\n<p>passam ag wurde als Spin-off der Eidgen\u00f6ssischen Technischen Hochschule Z\u00fcrich (ETH Z\u00fcrich) von Dr. Markus Hangartner and Andrea Hangartner gegr\u00fcndet. Wir sind ein unabh\u00e4ngiges Familienunternehmen mit Sitz in M\u00e4nnedorf, Schweiz.<\/p>","protected":false},"excerpt":{"rendered":"<p>Wir sind ein akkreditiertes Pr\u00fcflabor f\u00fcr Luftanalysen im Aussen-, Wohn- und Arbeitsplatzbereich mit Sitz in der Schweiz. Seit mehr als 30 Jahren bieten wir \u00fcberzeugende L\u00f6sungen um Luftverschmutzungen mittels Passivsammler, wie zum Beispiel, Stickoxide, Ozon, Feinstaub und viele mehr, zu messen. Wir stellen Passivsammler in der Schweiz her und analysieren diese nach Exposition mittels Spektrophotometrie, Gas- und Ionenchromatographie unter Einbehalt der Vorgaben gem\u00e4ss Norm DIN [&hellip;]<\/p>\n","protected":false},"author":1,"featured_media":0,"parent":0,"menu_order":0,"comment_status":"closed","ping_status":"open","template":"","meta":{"_monsterinsights_skip_tracking":false,"_monsterinsights_sitenote_active":false,"_monsterinsights_sitenote_note":"","_monsterinsights_sitenote_category":0,"footnotes":""},"class_list":["post-2","page","type-page","status-publish","hentry"],"_links":{"self":[{"href":"https:\/\/www.passam.ch\/de\/wp-json\/wp\/v2\/pages\/2","targetHints":{"allow":["GET"]}}],"collection":[{"href":"https:\/\/www.passam.ch\/de\/wp-json\/wp\/v2\/pages"}],"about":[{"href":"https:\/\/www.passam.ch\/de\/wp-json\/wp\/v2\/types\/page"}],"author":[{"embeddable":true,"href":"https:\/\/www.passam.ch\/de\/wp-json\/wp\/v2\/users\/1"}],"replies":[{"embeddable":true,"href":"https:\/\/www.passam.ch\/de\/wp-json\/wp\/v2\/comments?post=2"}],"version-history":[{"count":52,"href":"https:\/\/www.passam.ch\/de\/wp-json\/wp\/v2\/pages\/2\/revisions"}],"predecessor-version":[{"id":2942,"href":"https:\/\/www.passam.ch\/de\/wp-json\/wp\/v2\/pages\/2\/revisions\/2942"}],"wp:attachment":[{"href":"https:\/\/www.passam.ch\/de\/wp-json\/wp\/v2\/media?parent=2"}],"curies":[{"name":"wp","href":"https:\/\/api.w.org\/{rel}","templated":true}]}}