{"id":1940,"date":"2021-08-15T12:51:15","date_gmt":"2021-08-15T12:51:15","guid":{"rendered":"https:\/\/www.passam.ch\/?page_id=1940"},"modified":"2025-03-12T09:25:06","modified_gmt":"2025-03-12T09:25:06","slug":"information-sheets","status":"publish","type":"page","link":"https:\/\/www.passam.ch\/de\/information-sheets","title":{"rendered":"Infobl\u00e4tter"},"content":{"rendered":"<p>Folgende Infobl\u00e4tter stehen zur Verf\u00fcgung:<\/p>\n<p>&nbsp;<\/p>\n<p><a class=\"fasc-button fasc-size-medium fasc-type-flat fasc-rounded-medium fasc-ico-before dashicons-download\" style=\"background-color: #034e93; color: #ffffff;\" target=\"_blank\" rel=\"noopener noreferrer\" href=\"https:\/\/www.passam.ch\/wp-content\/uploads\/2023\/02\/passam-Info_Nachweisgrenzen_2023.pdf\">Nachweisgrenzen<\/a> in Deutsch<\/p>\n<p>&nbsp;<\/p>\n<p><a class=\"fasc-button fasc-size-medium fasc-type-flat fasc-rounded-medium fasc-ico-before dashicons-download\" style=\"background-color: #034e93; color: #ffffff;\" href=\"https:\/\/www.passam.ch\/wp-content\/uploads\/2022\/01\/passam-Info_Schutzfilter.pdf\">Schutzfilter<\/a> in Deutsch<\/p>\n<p>&nbsp;<\/p>\n<p><a class=\"fasc-button fasc-size-medium fasc-type-flat fasc-rounded-medium fasc-ico-before dashicons-download\" style=\"background-color: #034e93; color: #ffffff;\" target=\"_blank\" rel=\"noopener noreferrer\" href=\"https:\/\/www.passam.ch\/wp-content\/uploads\/2021\/11\/passam-Info_Measuring-Strategy-Transect.pdf\">Measuring Strategy: Transect<\/a> in Englisch<\/p>\n<p>&nbsp;<\/p>\n<p><a class=\"fasc-button fasc-size-medium fasc-type-flat fasc-rounded-medium fasc-ico-before dashicons-download\" style=\"background-color: #034e93; color: #ffffff;\" target=\"_blank\" rel=\"noopener noreferrer\" href=\"https:\/\/www.passam.ch\/wp-content\/uploads\/2021\/11\/passam-Info_Standardisation-Passive-Sampling.pdf\">Standardisation of Passive Sampling<\/a> in Englisch<\/p>\n<p>&nbsp;<\/p>\n<p><a class=\"fasc-button fasc-size-medium fasc-type-flat fasc-rounded-medium fasc-ico-before dashicons-download\" style=\"background-color: #034e93; color: #ffffff;\" target=\"_blank\" rel=\"noopener noreferrer\" href=\"https:\/\/www.passam.ch\/wp-content\/uploads\/2025\/03\/passam-info_Demonstration-of-Equivalence-for-NO2.pdf\">Demonstration of Equivalence NO2<\/a> in Englisch<\/p>\n<p>&nbsp;<\/p>","protected":false},"excerpt":{"rendered":"<p>Folgende Infobl\u00e4tter stehen zur Verf\u00fcgung: &nbsp; Nachweisgrenzen in Deutsch &nbsp; Schutzfilter in Deutsch &nbsp; Measuring Strategy: Transect in Englisch &nbsp; Standardisation of Passive Sampling in Englisch &nbsp; Demonstration of Equivalence NO2 in Englisch &nbsp;<\/p>\n","protected":false},"author":1,"featured_media":2076,"parent":0,"menu_order":0,"comment_status":"closed","ping_status":"closed","template":"","meta":{"_monsterinsights_skip_tracking":false,"_monsterinsights_sitenote_active":false,"_monsterinsights_sitenote_note":"","_monsterinsights_sitenote_category":0,"footnotes":""},"class_list":["post-1940","page","type-page","status-publish","has-post-thumbnail","hentry"],"_links":{"self":[{"href":"https:\/\/www.passam.ch\/de\/wp-json\/wp\/v2\/pages\/1940","targetHints":{"allow":["GET"]}}],"collection":[{"href":"https:\/\/www.passam.ch\/de\/wp-json\/wp\/v2\/pages"}],"about":[{"href":"https:\/\/www.passam.ch\/de\/wp-json\/wp\/v2\/types\/page"}],"author":[{"embeddable":true,"href":"https:\/\/www.passam.ch\/de\/wp-json\/wp\/v2\/users\/1"}],"replies":[{"embeddable":true,"href":"https:\/\/www.passam.ch\/de\/wp-json\/wp\/v2\/comments?post=1940"}],"version-history":[{"count":19,"href":"https:\/\/www.passam.ch\/de\/wp-json\/wp\/v2\/pages\/1940\/revisions"}],"predecessor-version":[{"id":2951,"href":"https:\/\/www.passam.ch\/de\/wp-json\/wp\/v2\/pages\/1940\/revisions\/2951"}],"wp:featuredmedia":[{"embeddable":true,"href":"https:\/\/www.passam.ch\/de\/wp-json\/wp\/v2\/media\/2076"}],"wp:attachment":[{"href":"https:\/\/www.passam.ch\/de\/wp-json\/wp\/v2\/media?parent=1940"}],"curies":[{"name":"wp","href":"https:\/\/api.w.org\/{rel}","templated":true}]}}