{"id":1934,"date":"2021-08-15T12:48:03","date_gmt":"2021-08-15T12:48:03","guid":{"rendered":"https:\/\/www.passam.ch\/?page_id=1934"},"modified":"2024-03-27T13:53:22","modified_gmt":"2024-03-27T13:53:22","slug":"sampling-protocols","status":"publish","type":"page","link":"https:\/\/www.passam.ch\/de\/sampling-protocols","title":{"rendered":"Probenahmeprotokolle"},"content":{"rendered":"<p>Hier finden Sie die Excel-Vorlage zur Erfassung der Expositionszeiten.<\/p>\n<p>&nbsp;<\/p>\n<p>F\u00fcr alle Passivsammler (ausser NOx-Set) in verschiedenen Sprachen:<\/p>\n<p style=\"padding-left: 40px;\"><a class=\"fasc-button fasc-size-medium fasc-type-flat fasc-rounded-medium fasc-ico-before dashicons-download\" style=\"background-color: #034e93; color: #ffffff;\" target=\"_blank\" rel=\"noopener\" href=\"https:\/\/www.passam.ch\/wp-content\/uploads\/2024\/03\/passam-sampling-protocol.xlsx\">passam sampling protocol<\/a> &nbsp;&nbsp;&nbsp; in Englisch<\/p>\n<p style=\"padding-left: 40px;\"><a class=\"fasc-button fasc-size-medium fasc-type-flat fasc-rounded-medium fasc-ico-before dashicons-download\" style=\"background-color: #034e93; color: #ffffff;\" target=\"_blank\" rel=\"noopener\" href=\"https:\/\/www.passam.ch\/wp-content\/uploads\/2024\/03\/passam-Probenahmeprotokoll.xlsx\">passam Probenahmeprotokoll<\/a> &nbsp;&nbsp;&nbsp; in Deutsch<\/p>\n<p style=\"padding-left: 40px;\"><a class=\"fasc-button fasc-size-medium fasc-type-flat fasc-rounded-medium fasc-ico-before dashicons-download\" style=\"background-color: #034e93; color: #ffffff;\" target=\"_blank\" rel=\"noopener\" href=\"https:\/\/www.passam.ch\/wp-content\/uploads\/2024\/03\/passam-protocole-dechantillonnage.xlsx\">passam protocole d&#8217;\u00e9chantillonnage<\/a> &nbsp;&nbsp;&nbsp; in Franz\u00f6sisch<\/p>\n<p>&nbsp;<\/p>\n<p>F\u00fcr das NOx-Set verwenden Sie bitte folgende Vorlage (nur in Englisch): &nbsp;<\/p>\n<p style=\"padding-left: 40px;\"><a class=\"fasc-button fasc-size-medium fasc-type-flat fasc-rounded-medium fasc-ico-before dashicons-download\" style=\"background-color: #034e93; color: #ffffff;\" target=\"_blank\" rel=\"noopener\" href=\"https:\/\/www.passam.ch\/wp-content\/uploads\/2024\/03\/passam-sampling-protocol_NOx-set.xlsx\">passam sampling protocol NOx-set<\/a> &nbsp;&nbsp;&nbsp; in Englisch<\/p>\n<p>&nbsp;<\/p>\n<p>Senden Sie bitte das Probenahmeprotokoll als Excel Datei per E-Mail an uns zur\u00fcck: <a href=\"mailto:passam@passam.ch\">passam@passam.ch<\/a><\/p>","protected":false},"excerpt":{"rendered":"<p>Hier finden Sie die Excel-Vorlage zur Erfassung der Expositionszeiten. &nbsp; F\u00fcr alle Passivsammler (ausser NOx-Set) in verschiedenen Sprachen: passam sampling protocol &nbsp;&nbsp;&nbsp; in Englisch passam Probenahmeprotokoll &nbsp;&nbsp;&nbsp; in Deutsch passam protocole d&#8217;\u00e9chantillonnage &nbsp;&nbsp;&nbsp; in Franz\u00f6sisch &nbsp; F\u00fcr das NOx-Set verwenden Sie bitte folgende Vorlage (nur in Englisch): &nbsp; passam sampling protocol NOx-set &nbsp;&nbsp;&nbsp; in Englisch &nbsp; Senden Sie bitte das Probenahmeprotokoll als Excel Datei per [&hellip;]<\/p>\n","protected":false},"author":1,"featured_media":0,"parent":0,"menu_order":0,"comment_status":"closed","ping_status":"closed","template":"","meta":{"_monsterinsights_skip_tracking":false,"_monsterinsights_sitenote_active":false,"_monsterinsights_sitenote_note":"","_monsterinsights_sitenote_category":0,"footnotes":""},"class_list":["post-1934","page","type-page","status-publish","hentry"],"_links":{"self":[{"href":"https:\/\/www.passam.ch\/de\/wp-json\/wp\/v2\/pages\/1934","targetHints":{"allow":["GET"]}}],"collection":[{"href":"https:\/\/www.passam.ch\/de\/wp-json\/wp\/v2\/pages"}],"about":[{"href":"https:\/\/www.passam.ch\/de\/wp-json\/wp\/v2\/types\/page"}],"author":[{"embeddable":true,"href":"https:\/\/www.passam.ch\/de\/wp-json\/wp\/v2\/users\/1"}],"replies":[{"embeddable":true,"href":"https:\/\/www.passam.ch\/de\/wp-json\/wp\/v2\/comments?post=1934"}],"version-history":[{"count":20,"href":"https:\/\/www.passam.ch\/de\/wp-json\/wp\/v2\/pages\/1934\/revisions"}],"predecessor-version":[{"id":2867,"href":"https:\/\/www.passam.ch\/de\/wp-json\/wp\/v2\/pages\/1934\/revisions\/2867"}],"wp:attachment":[{"href":"https:\/\/www.passam.ch\/de\/wp-json\/wp\/v2\/media?parent=1934"}],"curies":[{"name":"wp","href":"https:\/\/api.w.org\/{rel}","templated":true}]}}