{"id":1915,"date":"2021-08-15T11:03:11","date_gmt":"2021-08-15T11:03:11","guid":{"rendered":"https:\/\/www.passam.ch\/?page_id=1915"},"modified":"2021-12-12T15:44:22","modified_gmt":"2021-12-12T15:44:22","slug":"cosnulting","status":"publish","type":"page","link":"https:\/\/www.passam.ch\/de\/cosnulting","title":{"rendered":"Beratung"},"content":{"rendered":"<p>Mit \u00fcber 30 Jahren Erfahrung in der Durchf\u00fchrung von Luftschadstoffmessungen bieten wir unsere Unterst\u00fctzung in der Planung und Durchf\u00fchrung von Studien und Projekten an. Dazu geh\u00f6ren die Identifikation von geeigneten Messorten, die Auswahl relevanter Schadstoffe und ein Qualit\u00e4tssicherungsprogram (Blindproben, geeignete Expositionszeiten, Vergleichsmessungen, Korrekturen und Elimination von St\u00f6reinfl\u00fcssen, etc.)<\/p>","protected":false},"excerpt":{"rendered":"<p>Mit \u00fcber 30 Jahren Erfahrung in der Durchf\u00fchrung von Luftschadstoffmessungen bieten wir unsere Unterst\u00fctzung in der Planung und Durchf\u00fchrung von Studien und Projekten an. Dazu geh\u00f6ren die Identifikation von geeigneten Messorten, die Auswahl relevanter Schadstoffe und ein Qualit\u00e4tssicherungsprogram (Blindproben, geeignete Expositionszeiten, Vergleichsmessungen, Korrekturen und Elimination von St\u00f6reinfl\u00fcssen, etc.)<\/p>\n","protected":false},"author":1,"featured_media":1910,"parent":0,"menu_order":0,"comment_status":"closed","ping_status":"closed","template":"","meta":{"_monsterinsights_skip_tracking":false,"_monsterinsights_sitenote_active":false,"_monsterinsights_sitenote_note":"","_monsterinsights_sitenote_category":0,"footnotes":""},"class_list":["post-1915","page","type-page","status-publish","has-post-thumbnail","hentry"],"_links":{"self":[{"href":"https:\/\/www.passam.ch\/de\/wp-json\/wp\/v2\/pages\/1915","targetHints":{"allow":["GET"]}}],"collection":[{"href":"https:\/\/www.passam.ch\/de\/wp-json\/wp\/v2\/pages"}],"about":[{"href":"https:\/\/www.passam.ch\/de\/wp-json\/wp\/v2\/types\/page"}],"author":[{"embeddable":true,"href":"https:\/\/www.passam.ch\/de\/wp-json\/wp\/v2\/users\/1"}],"replies":[{"embeddable":true,"href":"https:\/\/www.passam.ch\/de\/wp-json\/wp\/v2\/comments?post=1915"}],"version-history":[{"count":3,"href":"https:\/\/www.passam.ch\/de\/wp-json\/wp\/v2\/pages\/1915\/revisions"}],"predecessor-version":[{"id":2109,"href":"https:\/\/www.passam.ch\/de\/wp-json\/wp\/v2\/pages\/1915\/revisions\/2109"}],"wp:featuredmedia":[{"embeddable":true,"href":"https:\/\/www.passam.ch\/de\/wp-json\/wp\/v2\/media\/1910"}],"wp:attachment":[{"href":"https:\/\/www.passam.ch\/de\/wp-json\/wp\/v2\/media?parent=1915"}],"curies":[{"name":"wp","href":"https:\/\/api.w.org\/{rel}","templated":true}]}}