{"id":1911,"date":"2021-08-15T11:00:37","date_gmt":"2021-08-15T11:00:37","guid":{"rendered":"https:\/\/www.passam.ch\/?page_id=1911"},"modified":"2021-12-12T15:42:52","modified_gmt":"2021-12-12T15:42:52","slug":"annual-report","status":"publish","type":"page","link":"https:\/\/www.passam.ch\/de\/annual-report","title":{"rendered":"Jahresbericht"},"content":{"rendered":"<p>Unser Jahresbericht fasst die Messresultate zusammen und \u00fcberpr\u00fcft deren Richtigkeit gem\u00e4ss klaren Qualit\u00e4tskriterien. Jahresmittelwerte werden Anhand der EU-Anforderungen berechnet und validiert. Die Messergebnisse werden tabellarisch und graphisch dargestellt und bieten einen schnellen \u00dcberblick \u00fcber die durchgef\u00fchrte Messkampagne.<\/p>","protected":false},"excerpt":{"rendered":"<p>Unser Jahresbericht fasst die Messresultate zusammen und \u00fcberpr\u00fcft deren Richtigkeit gem\u00e4ss klaren Qualit\u00e4tskriterien. Jahresmittelwerte werden Anhand der EU-Anforderungen berechnet und validiert. Die Messergebnisse werden tabellarisch und graphisch dargestellt und bieten einen schnellen \u00dcberblick \u00fcber die durchgef\u00fchrte Messkampagne.<\/p>\n","protected":false},"author":1,"featured_media":190,"parent":0,"menu_order":0,"comment_status":"closed","ping_status":"closed","template":"","meta":{"_monsterinsights_skip_tracking":false,"_monsterinsights_sitenote_active":false,"_monsterinsights_sitenote_note":"","_monsterinsights_sitenote_category":0,"footnotes":""},"class_list":["post-1911","page","type-page","status-publish","has-post-thumbnail","hentry"],"_links":{"self":[{"href":"https:\/\/www.passam.ch\/de\/wp-json\/wp\/v2\/pages\/1911","targetHints":{"allow":["GET"]}}],"collection":[{"href":"https:\/\/www.passam.ch\/de\/wp-json\/wp\/v2\/pages"}],"about":[{"href":"https:\/\/www.passam.ch\/de\/wp-json\/wp\/v2\/types\/page"}],"author":[{"embeddable":true,"href":"https:\/\/www.passam.ch\/de\/wp-json\/wp\/v2\/users\/1"}],"replies":[{"embeddable":true,"href":"https:\/\/www.passam.ch\/de\/wp-json\/wp\/v2\/comments?post=1911"}],"version-history":[{"count":3,"href":"https:\/\/www.passam.ch\/de\/wp-json\/wp\/v2\/pages\/1911\/revisions"}],"predecessor-version":[{"id":2105,"href":"https:\/\/www.passam.ch\/de\/wp-json\/wp\/v2\/pages\/1911\/revisions\/2105"}],"wp:featuredmedia":[{"embeddable":true,"href":"https:\/\/www.passam.ch\/de\/wp-json\/wp\/v2\/media\/190"}],"wp:attachment":[{"href":"https:\/\/www.passam.ch\/de\/wp-json\/wp\/v2\/media?parent=1911"}],"curies":[{"name":"wp","href":"https:\/\/api.w.org\/{rel}","templated":true}]}}