{"id":133,"date":"2016-10-23T15:31:22","date_gmt":"2016-10-23T15:31:22","guid":{"rendered":"http:\/\/srv140.centinated.ch\/~passam23\/wp\/\/?page_id=133"},"modified":"2018-07-25T13:19:08","modified_gmt":"2018-07-25T13:19:08","slug":"disclaimer","status":"publish","type":"page","link":"https:\/\/www.passam.ch\/de\/disclaimer","title":{"rendered":"Disclaimer"},"content":{"rendered":"<p>Die Informationen auf dieser Website stammen aus Quellen, die als zuverl\u00e4ssig angesehen werden, und die Informationen werden zum Zeitpunkt ihrer Ver\u00f6ffentlichung auf dieser Website als korrekt angesehen. Die passam ag und ihre Lieferanten \u00fcbernehmen keine Gew\u00e4hr f\u00fcr die Richtigkeit, Vollst\u00e4ndigkeit und Aktualit\u00e4t der Informationen und behalten sich das Recht vor, jederzeit ohne vorherige Ank\u00fcndigung \u00c4nderungen vorzunehmen. die passam ag und ihre lieferanten k\u00f6nnen unter keinen umst\u00e4nden f\u00fcr sch\u00e4den irgendwelcher art haftbar gemacht werden, einschliesslich, aber nicht beschr\u00e4nkt auf sch\u00e4den durch entgangenen gewinn, gesch\u00e4ftsunterbrechung, verlust von informationen und daten, die sich aus der nutzung oder unm\u00f6glichkeit der nutzung dieser website und der darin enthaltenen informationen ergeben, selbst wenn die passam ag auf die m\u00f6glichkeit solcher sch\u00e4den hingewiesen wurde.<\/p>\n<h3>Copyright<\/h3>\n<p>passam ag besitzt und beh\u00e4lt die Urheberrechte an den Materialien auf dieser Website. Sofern nicht anders von der passam ag genehmigt, ist es niemandem gestattet, die auf dieser Website enthaltenen Informationen ganz oder teilweise in irgendeiner Form zu reproduzieren.<\/p>\n<h3>Links zu Websites Dritter<\/h3>\n<p>Die Links zu Websites Dritter werden Ihnen nur als Annehmlichkeit zur Verf\u00fcgung gestellt und bedeuten nicht, dass die passam ag diese verlinkten Websites billigt. Die passam ag kann nicht f\u00fcr Informationen und Materialien verantwortlich gemacht werden, die sich auf Websites befinden, die au\u00dferhalb ihrer Dom\u00e4ne kontrolliert oder betrieben werden, einschlie\u00dflich jeglicher Zusicherung der Richtigkeit dieser Informationen.<\/p>\n<h3>Datenschutzerkl\u00e4rung<\/h3>\n<p>passam ag respektiert die Privatsph\u00e4re der Besucher von www.passam.ch und gibt keine pers\u00f6nlichen Daten an Dritte weiter. F\u00fcr weitere Informationen lesen Sie bitte unsere <a href=\"https:\/\/www.passam.ch\/de\/cookie-policy\" target=\"_blank\" >Datenschutzerkl\u00e4rung und Cookies<\/a>.<\/p>","protected":false},"excerpt":{"rendered":"<p>Die Informationen auf dieser Website stammen aus Quellen, die als zuverl\u00e4ssig angesehen werden, und die Informationen werden zum Zeitpunkt ihrer Ver\u00f6ffentlichung auf dieser Website als korrekt angesehen. Die passam ag und ihre Lieferanten \u00fcbernehmen keine Gew\u00e4hr f\u00fcr die Richtigkeit, Vollst\u00e4ndigkeit und Aktualit\u00e4t der Informationen und behalten sich das Recht vor, jederzeit ohne vorherige Ank\u00fcndigung \u00c4nderungen vorzunehmen. die passam ag und ihre lieferanten k\u00f6nnen unter keinen [&hellip;]<\/p>\n","protected":false},"author":1,"featured_media":0,"parent":0,"menu_order":0,"comment_status":"closed","ping_status":"closed","template":"","meta":{"_monsterinsights_skip_tracking":false,"_monsterinsights_sitenote_active":false,"_monsterinsights_sitenote_note":"","_monsterinsights_sitenote_category":0,"footnotes":""},"class_list":["post-133","page","type-page","status-publish","hentry"],"_links":{"self":[{"href":"https:\/\/www.passam.ch\/de\/wp-json\/wp\/v2\/pages\/133","targetHints":{"allow":["GET"]}}],"collection":[{"href":"https:\/\/www.passam.ch\/de\/wp-json\/wp\/v2\/pages"}],"about":[{"href":"https:\/\/www.passam.ch\/de\/wp-json\/wp\/v2\/types\/page"}],"author":[{"embeddable":true,"href":"https:\/\/www.passam.ch\/de\/wp-json\/wp\/v2\/users\/1"}],"replies":[{"embeddable":true,"href":"https:\/\/www.passam.ch\/de\/wp-json\/wp\/v2\/comments?post=133"}],"version-history":[{"count":15,"href":"https:\/\/www.passam.ch\/de\/wp-json\/wp\/v2\/pages\/133\/revisions"}],"predecessor-version":[{"id":1249,"href":"https:\/\/www.passam.ch\/de\/wp-json\/wp\/v2\/pages\/133\/revisions\/1249"}],"wp:attachment":[{"href":"https:\/\/www.passam.ch\/de\/wp-json\/wp\/v2\/media?parent=133"}],"curies":[{"name":"wp","href":"https:\/\/api.w.org\/{rel}","templated":true}]}}