					{"id":1271,"date":"2018-11-02T18:23:14","date_gmt":"2018-11-02T18:23:14","guid":{"rendered":"http:\/\/www.passam.ch\/?page_id=1271"},"modified":"2018-11-13T17:10:39","modified_gmt":"2018-11-13T17:10:39","slug":"archive","status":"publish","type":"page","link":"https:\/\/www.passam.ch\/de\/archive","title":{"rendered":"Archiv"},"content":{"rendered":"<h3>Recent Posts<\/h3><ol><li><a href=\"https:\/\/www.passam.ch\/de\/passam-in-paris\" title=\"passam in Paris\">passam in Paris<\/a><\/li><li><a href=\"https:\/\/www.passam.ch\/de\/renewal-of-accreditation-by-the-swiss-accreditation-service-2\" title=\"Akkreditierung durch die Schweizerische Akkreditierungsstelle SAS erneuert\">Akkreditierung durch die Schweizerische Akkreditierungsstelle SAS erneuert<\/a><\/li><li><a href=\"https:\/\/www.passam.ch\/de\/how-covid-19-measures-affect-european-air-pollution-a-eea-report\" title=\"Wie sich die Covid-19-Ma\u00dfnahmen auf die europ\u00e4ische Luftverschmutzung auswirken: ein EUA-Bericht\">Wie sich die Covid-19-Ma\u00dfnahmen auf die europ\u00e4ische Luftverschmutzung auswirken: ein EUA-Bericht<\/a><\/li><li><a href=\"https:\/\/www.passam.ch\/de\/operation-in-covid-19-situation\" title=\"Betrieb in der Covid-19 Situation\">Betrieb in der Covid-19 Situation<\/a><\/li><li><a href=\"https:\/\/www.passam.ch\/de\/cars-when-will-the-pollution-stop-passam-on-swiss-tv-rts\" title=\"Autos, wann wird denn die Verschmutzung aufh\u00f6ren? - passam im RTS\">Autos, wann wird denn die Verschmutzung aufh\u00f6ren? - passam im RTS<\/a><\/li><li><a href=\"https:\/\/www.passam.ch\/de\/sulphur-gases-from-glencores-copper-plant-in-zambia-passam-at-srf\" title=\"Schwefelgase von Glencores Kupferwerk in Sambia - passam im SRF\">Schwefelgase von Glencores Kupferwerk in Sambia - passam im SRF<\/a><\/li><li><a href=\"https:\/\/www.passam.ch\/de\/how-clean-is-the-air-in-north-germany-passam-on-german-tv-ndr\" title=\"Wie sauber ist die Luft in Norddeutschland? - passam im NDR\">Wie sauber ist die Luft in Norddeutschland? - passam im NDR<\/a><\/li><li><a href=\"https:\/\/www.passam.ch\/de\/renewal-of-accreditation-by-the-swiss-accreditation-service\" title=\"Akkreditierung durch die Schweizerische Akkreditierungsstelle SAS erneuert\">Akkreditierung durch die Schweizerische Akkreditierungsstelle SAS erneuert<\/a><\/li><li><a href=\"https:\/\/www.passam.ch\/de\/get-your-own-personal-no2-kit-now\" title=\"Messen Sie die Luftbelastung bei Ihnen vor Ort\">Messen Sie die Luftbelastung bei Ihnen vor Ort<\/a><\/li><li><a href=\"https:\/\/www.passam.ch\/de\/passam-takes-part-in-the-measurement-of-ammonia-in-ambient-air-covered-in-umwelttechnik-deutschland-schweiz\" title=\"passam nimmt an der Messung von Ammoniak in Schottland teil - Abgedeckt in Umwelttechnik Deutschland Schweiz\">passam nimmt an der Messung von Ammoniak in Schottland teil - Abgedeckt in Umwelttechnik Deutschland Schweiz<\/a><\/li><li><a href=\"https:\/\/www.passam.ch\/de\/hamburg-measures-diesel-exhaust-gases-with-passam-covered-in-die-zeit\" title=\"Hamburg misst Dieselabgase mit passam - Berichtet Die Zeit\">Hamburg misst Dieselabgase mit passam - Berichtet Die Zeit<\/a><\/li><li><a href=\"https:\/\/www.passam.ch\/de\/exhaustalarm-nominated-for-the-prix-europa\" title=\"#AbgasAlarm nominiert f\u00fcr den PRIX EUROPA\">#AbgasAlarm nominiert f\u00fcr den PRIX EUROPA<\/a><\/li><li><a href=\"https:\/\/www.passam.ch\/de\/testing-dusseldorfs-air-quality-passam-on-german-tv-wdr\" title=\"Pr\u00fcfung der Luftqualit\u00e4t in D\u00fcsseldorf - passam im WDR\">Pr\u00fcfung der Luftqualit\u00e4t in D\u00fcsseldorf - passam im WDR<\/a><\/li><li><a href=\"https:\/\/www.passam.ch\/de\/deutsch-air-quality-conference-2018-in-barcelona-spain\" title=\"Air Quality 2018 Conference, Barcelona\">Air Quality 2018 Conference, Barcelona<\/a><\/li><li><a href=\"https:\/\/www.passam.ch\/de\/passam-on-german-tv-channel-ard\" title=\"Abgasalarm - der Kampf um saubere Luft. Passam im ARD\">Abgasalarm - der Kampf um saubere Luft. Passam im ARD<\/a><\/li><li><a href=\"https:\/\/www.passam.ch\/de\/air-pollution-is-not-only-a-problem-of-big-cities\" title=\"Schlechte Luft gibt es nicht nur in Gro\u00dfst\u00e4dten\">Schlechte Luft gibt es nicht nur in Gro\u00dfst\u00e4dten<\/a><\/li><li><a href=\"https:\/\/www.passam.ch\/de\/deutsch-stickoxidbelastung-in-deutschland\" title=\"Stickoxidbelastung in Deutschland\">Stickoxidbelastung in Deutschland<\/a><\/li><li><a href=\"https:\/\/www.passam.ch\/de\/deutsch-akkreditierung-durch-die-schweizerische-akkreditierungsstelle-sas-erneuert\" title=\"Akkreditierung durch die Schweizerische Akkreditierungsstelle SAS erneuert\">Akkreditierung durch die Schweizerische Akkreditierungsstelle SAS erneuert<\/a><\/li><li><a href=\"https:\/\/www.passam.ch\/de\/exibition-at-the-22st-oil-gas-and-petrochemical-exhibition-in-tehran\" title=\"Exibition at the 22st Oil, Gas and Petrochemical Exhibition in Tehran\">Exibition at the 22st Oil, Gas and Petrochemical Exhibition in Tehran<\/a><\/li><li><a href=\"https:\/\/www.passam.ch\/de\/validation-of-ammonia-diffusive-and-active-samplers\" title=\"Validation study of ammonia diffusive and active samplers at NPL\">Validation study of ammonia diffusive and active samplers at NPL<\/a><\/li><li><a href=\"https:\/\/www.passam.ch\/de\/no2-pm10-study-published-from-dehli-and-kanpur-india\" title=\"NO2\/ PM10 study published from Dehli and Kanpur, India\">NO2\/ PM10 study published from Dehli and Kanpur, India<\/a><\/li><li><a href=\"https:\/\/www.passam.ch\/de\/happy-new-year\" title=\"Happy New Year 2017\">Happy New Year 2017<\/a><\/li><li><a href=\"https:\/\/www.passam.ch\/de\/passam-in-the-swiss-television-about-xxxx\" title=\"SO2 measuring for Glencore, Mopani Copper Mine, Sambia\">SO2 measuring for Glencore, Mopani Copper Mine, Sambia<\/a><\/li><\/ol>\n","protected":false},"excerpt":{"rendered":"","protected":false},"author":1,"featured_media":0,"parent":0,"menu_order":0,"comment_status":"closed","ping_status":"closed","template":"","meta":{"_monsterinsights_skip_tracking":false,"_monsterinsights_sitenote_active":false,"_monsterinsights_sitenote_note":"","_monsterinsights_sitenote_category":0,"footnotes":""},"class_list":["post-1271","page","type-page","status-publish","hentry"],"_links":{"self":[{"href":"https:\/\/www.passam.ch\/de\/wp-json\/wp\/v2\/pages\/1271","targetHints":{"allow":["GET"]}}],"collection":[{"href":"https:\/\/www.passam.ch\/de\/wp-json\/wp\/v2\/pages"}],"about":[{"href":"https:\/\/www.passam.ch\/de\/wp-json\/wp\/v2\/types\/page"}],"author":[{"embeddable":true,"href":"https:\/\/www.passam.ch\/de\/wp-json\/wp\/v2\/users\/1"}],"replies":[{"embeddable":true,"href":"https:\/\/www.passam.ch\/de\/wp-json\/wp\/v2\/comments?post=1271"}],"version-history":[{"count":9,"href":"https:\/\/www.passam.ch\/de\/wp-json\/wp\/v2\/pages\/1271\/revisions"}],"predecessor-version":[{"id":1290,"href":"https:\/\/www.passam.ch\/de\/wp-json\/wp\/v2\/pages\/1271\/revisions\/1290"}],"wp:attachment":[{"href":"https:\/\/www.passam.ch\/de\/wp-json\/wp\/v2\/media?parent=1271"}],"curies":[{"name":"wp","href":"https:\/\/api.w.org\/{rel}","templated":true}]}}