{"id":1234,"date":"2018-07-25T12:24:06","date_gmt":"2018-07-25T12:24:06","guid":{"rendered":"http:\/\/www.passam.ch\/cookie-policy"},"modified":"2025-02-04T12:49:37","modified_gmt":"2025-02-04T12:49:37","slug":"cookie-policy","status":"publish","type":"page","link":"https:\/\/www.passam.ch\/de\/cookie-policy","title":{"rendered":"Cookie Policy"},"content":{"rendered":"<p><\/p>\n<h1><\/h1>\n<h1>passam.ch Datenschutzerkl\u00e4rung und Cookies<\/h1>\n<p>Letzte Aktualisierung 25. Januar 2023<\/p>\n<h3>Privatsph\u00e4re und Datenschutz<\/h3>\n<p>F\u00fcr die passam ag ist der Schutz der Privatsph\u00e4re ihrer Kunden ein wichtiges Anliegen, deshalb betreiben wir unsere Online-Dienste unter Ber\u00fccksichtigung des Schutzes Ihrer Privatsph\u00e4re.<\/p>\n<p>&nbsp;<\/p>\n<h3>Erhebung personenbezogener Daten<\/h3>\n<p>W\u00e4hrend Sie unsere Website besuchen, k\u00f6nnen wir begrenzte pers\u00f6nliche Daten sammeln, die Ihr Browser zur Verf\u00fcgung stellt, wie z.B. Internetprotokoll-Adresse, Browsertyp und -sprache, Datum und Uhrzeit Ihres Besuchs und ein oder mehrere Cookies oder Web-Beacons, die Ihren Browser eindeutig identifizieren.<br \/>\nDiese Informationen werden ausschlie\u00dflich dazu verwendet, Ihr Surferlebnis beim Besuch unserer Website zu verbessern, indem Sie personalisierte Inhalte erstellen, unsere Website f\u00fcr Sie freundlicher gestalten und Ihnen helfen, schnell Dienstleistungen oder Informationen zu finden und Ihnen Produktneuigkeiten, Sonderangebote und andere Neuigkeiten mitzuteilen.<br \/>\nWir werden Ihre Daten so lange aufbewahren, wie es f\u00fcr die Erf\u00fcllung der Zwecke, f\u00fcr die wir sie gesammelt haben, erforderlich ist, einschlie\u00dflich f\u00fcr die Erf\u00fcllung gesetzlicher, buchhalterischer oder Berichterstattungsanforderungen.<br \/>\nKeiner unserer Dienste erfordert die Einrichtung eines Benutzerkontos, wodurch die pers\u00f6nlichen Daten, die Sie uns mitteilen m\u00fcssen, minimiert werden. Spezifische Aktionen erfordern jedoch einige Informationen, die f\u00fcr die Bereitstellung des jeweiligen Dienstes verwendet werden. Wenn wir von Ihnen zus\u00e4tzliche pers\u00f6nliche Daten verlangen, werden wir Sie zu diesem Zeitpunkt dar\u00fcber informieren, welche Arten von Informationen wir sammeln, wie wir sie verwenden und an wen sie weitergegeben werden, wenn dies der Fall ist. Wir hoffen, dass dies Ihnen hilft, eine fundierte Entscheidung \u00fcber die Weitergabe Ihrer pers\u00f6nlichen Daten an uns zu treffen.<\/p>\n<p>&nbsp;<\/p>\n<h3>Weitergabe von Informationen<\/h3>\n<p>Wir versichern Ihnen, dass Ihre Daten auf einem sicheren Server gespeichert werden und nur f\u00fcr den Zweck verwendet werden, f\u00fcr den wir sie erworben haben. Ihre Daten werden nicht verkauft oder an Dritte weitergegeben, z.B. zu Zwecken des Direktmarketings.<br \/>\nDer Zugriff auf Ihre pers\u00f6nlichen Daten ist nur geschulten Mitarbeitern vorbehalten, die diese nutzen k\u00f6nnen, um ein nahtloses Erlebnis f\u00fcr Sie zu schaffen und die Bedeutung der Vertraulichkeit zu sch\u00e4tzen wissen. Wir verpflichten uns, die Privatsph\u00e4re und Sicherheit Ihrer Daten zu wahren, indem wir die Verantwortung unserer Mitarbeiter f\u00fcr den Datenschutz f\u00f6rdern.<br \/>\nWir werden Ihre pers\u00f6nlichen Daten nicht an andere Personen oder nicht angeschlossene Unternehmen weitergeben, es sei denn, dass wir gesetzlich dazu verpflichtet sind oder in gutem Glauben davon ausgehen, dass der Zugang, die Aufbewahrung oder die Weitergabe dieser Daten zum Schutz der Rechte, des Eigentums oder der Sicherheit der passam ag, ihrer Nutzer oder der \u00d6ffentlichkeit notwendig ist.<\/p>\n<p>&nbsp;<\/p>\n<h3>Links<\/h3>\n<p>Die Links zu den Websites Dritter werden Ihnen nur als Annehmlichkeit zur Verf\u00fcgung gestellt und unterliegen nicht der Kontrolle der passam ag. Diese Dritten k\u00f6nnen ihre eigenen Cookies auf Ihrem Computer ablegen und verlangen die Erfassung von pers\u00f6nlichen Daten und Informationen. F\u00fcr den Umgang mit Ihren Informationen durch Websites Dritter lesen Sie bitte die Datenschutzerkl\u00e4rung jeder dieser Websites.<\/p>\n<p>&nbsp;<\/p>\n<h3>Cookies<\/h3>\n<p>Cookies sind kleine Textdateien, die auf Ihrem Rechner abgelegt werden, um eine bessere Benutzerfreundlichkeit zu gew\u00e4hrleisten.<br \/>\nDie Website der passam ag verwendet &#8222;First Party&#8220;-Cookies, d.h. von der passam ag gesetzte Cookies, um Probleme mit unserem Server zu diagnostizieren und unsere Website zu verwalten, Trends zu analysieren, Besucherbewegungen zu verfolgen und allgemeine demografische Informationen zu sammeln, die uns helfen, mit Hilfe von Webstatistik-Anbietern (Google Analytics) Besucherpr\u00e4ferenzen zu identifizieren. Wir verwenden auf unserer Website keine &#8222;Third Party&#8220;-Cookies.<br \/>\nSie k\u00f6nnen es vorziehen, Cookies auf dieser Website und auf anderen Websites zu deaktivieren. Am effektivsten ist es, Cookies in Ihrem Browser zu deaktivieren. Wir empfehlen Ihnen, den Hilfebereich Ihres Browsers zu konsultieren.<\/p>\n<p>&nbsp;<\/p>\n<h3>\u00c4nderungen der Richtlinie<\/h3>\n<p>Wir erwarten von Zeit zu Zeit kleinere \u00c4nderungen an dieser Datenschutzerkl\u00e4rung. Bei gr\u00f6\u00dferen \u00c4nderungen werden Sie per E-Mail benachrichtigt, wenn es sinnvoll und m\u00f6glich ist. Jede Version wird oben auf der Seite vermerkt.<\/p>\n<p>&nbsp;<\/p>\n<h3>Kontakt<\/h3>\n<p>Bei Fragen, Anmerkungen oder Beschwerden wenden Sie sich bitte per E-Mail an <a href=\"mailto:passam@passam.ch\">passam@passam.ch<\/a><\/p>\n<p>&nbsp;<\/p>","protected":false},"excerpt":{"rendered":"<p>passam.ch Datenschutzerkl\u00e4rung und Cookies Letzte Aktualisierung 25. Januar 2023 Privatsph\u00e4re und Datenschutz F\u00fcr die passam ag ist der Schutz der Privatsph\u00e4re ihrer Kunden ein wichtiges Anliegen, deshalb betreiben wir unsere Online-Dienste unter Ber\u00fccksichtigung des Schutzes Ihrer Privatsph\u00e4re. &nbsp; Erhebung personenbezogener Daten W\u00e4hrend Sie unsere Website besuchen, k\u00f6nnen wir begrenzte pers\u00f6nliche Daten sammeln, die Ihr Browser zur Verf\u00fcgung stellt, wie z.B. Internetprotokoll-Adresse, Browsertyp und -sprache, Datum [&hellip;]<\/p>\n","protected":false},"author":1,"featured_media":0,"parent":0,"menu_order":0,"comment_status":"closed","ping_status":"closed","template":"","meta":{"_monsterinsights_skip_tracking":false,"_monsterinsights_sitenote_active":false,"_monsterinsights_sitenote_note":"","_monsterinsights_sitenote_category":0,"footnotes":""},"class_list":["post-1234","page","type-page","status-publish","hentry"],"_links":{"self":[{"href":"https:\/\/www.passam.ch\/de\/wp-json\/wp\/v2\/pages\/1234","targetHints":{"allow":["GET"]}}],"collection":[{"href":"https:\/\/www.passam.ch\/de\/wp-json\/wp\/v2\/pages"}],"about":[{"href":"https:\/\/www.passam.ch\/de\/wp-json\/wp\/v2\/types\/page"}],"author":[{"embeddable":true,"href":"https:\/\/www.passam.ch\/de\/wp-json\/wp\/v2\/users\/1"}],"replies":[{"embeddable":true,"href":"https:\/\/www.passam.ch\/de\/wp-json\/wp\/v2\/comments?post=1234"}],"version-history":[{"count":12,"href":"https:\/\/www.passam.ch\/de\/wp-json\/wp\/v2\/pages\/1234\/revisions"}],"predecessor-version":[{"id":2937,"href":"https:\/\/www.passam.ch\/de\/wp-json\/wp\/v2\/pages\/1234\/revisions\/2937"}],"wp:attachment":[{"href":"https:\/\/www.passam.ch\/de\/wp-json\/wp\/v2\/media?parent=1234"}],"curies":[{"name":"wp","href":"https:\/\/api.w.org\/{rel}","templated":true}]}}