{"id":112,"date":"2016-10-23T15:09:36","date_gmt":"2016-10-23T15:09:36","guid":{"rendered":"http:\/\/srv140.centinated.ch\/~passam23\/wp\/\/?page_id=112"},"modified":"2023-11-07T10:47:35","modified_gmt":"2023-11-07T10:47:35","slug":"particles","status":"publish","type":"page","link":"https:\/\/www.passam.ch\/de\/particles","title":{"rendered":"Staub"},"content":{"rendered":"<p><a class=\"fasc-button fasc-size-medium fasc-type-flat fasc-rounded-medium fasc-ico-before dashicons-download\" style=\"background-color: #a8d2e3; color: #000000;\" target=\"_blank\" rel=\"noopener noreferrer\" href=\"https:\/\/www.passam.ch\/wp-content\/uploads\/2022\/07\/SP27_PM_Product-Sheet_2022_EN.pdf\">Particulate Matter Datenblatt<\/a>&nbsp;&nbsp; &nbsp;<\/p>\n<p><a class=\"fasc-button fasc-size-medium fasc-type-flat fasc-rounded-medium fasc-ico-before dashicons-download\" style=\"background-color: #a8d2e3; color: #000000;\" target=\"_blank\" rel=\"noopener noreferrer\" href=\"https:\/\/www.passam.ch\/wp-content\/uploads\/2020\/11\/Sigma-2-applications-Flyer.pdf\">Sigma-2 Flyer<\/a>&nbsp;&nbsp; &nbsp;<\/p>\n<p>Atmosph\u00e4rische Feinstaubpartikel (PM) oder Partikel sind komplexe mikroskopische feste oder fl\u00fcssige Stoffe, die in der Atmosph\u00e4re suspendiert sind. Solche Partikel k\u00f6nnen schwerwiegende Auswirkungen auf das Klima und den Niederschlag haben, die sich nachteilig auf die menschliche Gesundheit auswirken.<\/p>\n<p>&nbsp;<\/p>\n<h3><strong>Probenahme von Partikeln<\/strong><\/h3>\n<p>Der Passivsammler Sigma-2 f\u00fcr die Sammlung von Partikeln mit einem Durchmesser zwischen 2,5 und 80 \u00b5m basiert auf dem Prinzip der Sedimentation. Die Partikel werden auf einer Klebeplatte fixiert und anschlie\u00dfend einer mikroskopischen Bildanalyse unterzogen. Das Ergebnis dieser spezifischen Analyse zeigt die Verteilung der Korngr\u00f6\u00dfen. Zusammen mit der Anzahl der gez\u00e4hlten Partikel wird der PM10-Wert berechnet.<br \/>\nIm Vergleich zu traditionellen Messmethoden hat der Einsatz des Passivsammlers Sigma-2 drei wesentliche Vorteile:<\/p>\n<ul>\n<li>Die gemessenen detektierten Partikel k\u00f6nnen qualitativ der spezifischen Quelle zugeordnet werden.<\/li>\n<li>Die PM10-Messung kann mit anderen Schadstoffen wie Ozon oder NO2 kombiniert werden.<\/li>\n<li>Durch die Installation mehrerer Sigma-2 Passivsammler sind Aussagen \u00fcber r\u00e4umliche Partikelverteilungen leicht m\u00f6glich.<\/li>\n<\/ul>\n<div id=\"attachment_494\" style=\"width: 922px\" class=\"wp-caption alignleft\"><img fetchpriority=\"high\" decoding=\"async\" aria-describedby=\"caption-attachment-494\" class=\"size-full wp-image-494\" src=\"http:\/\/srv140.centinated.ch\/~passam23\/wp\/wp-content\/uploads\/2016\/10\/bild_sigma2.jpg\" alt=\"\" width=\"912\" height=\"433\" srcset=\"https:\/\/www.passam.ch\/wp-content\/uploads\/2016\/10\/bild_sigma2.jpg 912w, https:\/\/www.passam.ch\/wp-content\/uploads\/2016\/10\/bild_sigma2-300x142.jpg 300w, https:\/\/www.passam.ch\/wp-content\/uploads\/2016\/10\/bild_sigma2-768x365.jpg 768w\" sizes=\"(max-width: 912px) 100vw, 912px\" \/><p id=\"caption-attachment-494\" class=\"wp-caption-text\">Sigma-2 Passivsammler und die Charakterisierung der gemessenen Partikel, um sie der jeweiligen Quelle zuzuordnen.<\/p><\/div>\n<p>&nbsp;<\/p>\n<p>&nbsp;<\/p>\n<p>&nbsp;<\/p>\n<p>&nbsp;<\/p>\n<p>&nbsp;<\/p>\n<p>&nbsp;<\/p>\n<p>&nbsp;<\/p>\n<p>&nbsp;<\/p>\n<p>&nbsp;<\/p>\n<p>&nbsp;<\/p>\n<p>&nbsp;<\/p>\n<p>&nbsp;<\/p>\n<p>&nbsp;<\/p>\n<p>&nbsp;<\/p>\n<p>&nbsp;<\/p>\n<p>Die mikroskopischen PM Analysen werden von einem externen Partnerlabor durchgef\u00fchrt. Bitte kontaktieren Sie uns f\u00fcr weitere Informationen.<\/p>","protected":false},"excerpt":{"rendered":"<p>Particulate Matter Datenblatt&nbsp;&nbsp; &nbsp; Sigma-2 Flyer&nbsp;&nbsp; &nbsp; Atmosph\u00e4rische Feinstaubpartikel (PM) oder Partikel sind komplexe mikroskopische feste oder fl\u00fcssige Stoffe, die in der Atmosph\u00e4re suspendiert sind. Solche Partikel k\u00f6nnen schwerwiegende Auswirkungen auf das Klima und den Niederschlag haben, die sich nachteilig auf die menschliche Gesundheit auswirken. &nbsp; Probenahme von Partikeln Der Passivsammler Sigma-2 f\u00fcr die Sammlung von Partikeln mit einem Durchmesser zwischen 2,5 und 80 \u00b5m [&hellip;]<\/p>\n","protected":false},"author":1,"featured_media":354,"parent":0,"menu_order":0,"comment_status":"closed","ping_status":"closed","template":"","meta":{"_monsterinsights_skip_tracking":false,"_monsterinsights_sitenote_active":false,"_monsterinsights_sitenote_note":"","_monsterinsights_sitenote_category":0,"footnotes":""},"class_list":["post-112","page","type-page","status-publish","has-post-thumbnail","hentry"],"_links":{"self":[{"href":"https:\/\/www.passam.ch\/de\/wp-json\/wp\/v2\/pages\/112","targetHints":{"allow":["GET"]}}],"collection":[{"href":"https:\/\/www.passam.ch\/de\/wp-json\/wp\/v2\/pages"}],"about":[{"href":"https:\/\/www.passam.ch\/de\/wp-json\/wp\/v2\/types\/page"}],"author":[{"embeddable":true,"href":"https:\/\/www.passam.ch\/de\/wp-json\/wp\/v2\/users\/1"}],"replies":[{"embeddable":true,"href":"https:\/\/www.passam.ch\/de\/wp-json\/wp\/v2\/comments?post=112"}],"version-history":[{"count":26,"href":"https:\/\/www.passam.ch\/de\/wp-json\/wp\/v2\/pages\/112\/revisions"}],"predecessor-version":[{"id":2858,"href":"https:\/\/www.passam.ch\/de\/wp-json\/wp\/v2\/pages\/112\/revisions\/2858"}],"wp:featuredmedia":[{"embeddable":true,"href":"https:\/\/www.passam.ch\/de\/wp-json\/wp\/v2\/media\/354"}],"wp:attachment":[{"href":"https:\/\/www.passam.ch\/de\/wp-json\/wp\/v2\/media?parent=112"}],"curies":[{"name":"wp","href":"https:\/\/api.w.org\/{rel}","templated":true}]}}