{"id":110,"date":"2016-10-23T15:09:19","date_gmt":"2016-10-23T15:09:19","guid":{"rendered":"http:\/\/srv140.centinated.ch\/~passam23\/wp\/\/?page_id=110"},"modified":"2023-02-27T13:27:33","modified_gmt":"2023-02-27T13:27:33","slug":"carbon-monoxide","status":"publish","type":"page","link":"https:\/\/www.passam.ch\/de\/carbon-monoxide","title":{"rendered":"Kohlenmonoxid"},"content":{"rendered":"<p><a class=\"fasc-button fasc-size-medium fasc-type-flat fasc-rounded-medium fasc-ico-before dashicons-download\" style=\"background-color: #a8d2e3; color: #000000;\" target=\"_blank\" rel=\"noopener noreferrer\" href=\"https:\/\/www.passam.ch\/wp-content\/uploads\/2023\/02\/SP23_CO_Product-Sheet_2023_EN.pdf\">CO Datenblatt<\/a>&nbsp;&nbsp; &nbsp;<\/p>\n<p>Kohlenmonoxid ist ein vor\u00fcbergehender Schadstoff, insbesondere in st\u00e4dtischen Gebieten und St\u00e4dten. Es ist farblos, geruchlos, geschmacklos und ab einer bestimmten Konzentration giftig. \u00dcber St\u00e4dten k\u00f6nnen gro\u00dfe CO-Verschmutzungsereignisse beobachtet werden, die haupts\u00e4chlich durch Verbrennungsmotoren und Kraftstoffe verursacht werden.<\/p>\n<p>&nbsp;<\/p>\n<h3><strong>CO-Probenahme<\/strong><\/h3>\n<p>Der CO-Passiv-Probenehmer basiert auf dem Prinzip der Diffusion von CO-Molek\u00fclen auf das Absorptionsmedium Palladiumchlorid. Das gebildete metallische Palladium kann dann durch eine spezifische Reaktion photometrisch bestimmt werden.<\/p>\n<p>Der Probenehmer besteht aus einem Polypropylengeh\u00e4use mit einer \u00d6ffnung von 20 mm Durchmesser. Um Wind- und Wetterst\u00f6rungen auszuschlie\u00dfen, wird eine von einem Drahtnetz getragene Glasfaser befestigt und in einem Schutzbeh\u00e4lter aufgestellt.<\/p>\n<p><img fetchpriority=\"high\" decoding=\"async\" class=\"alignleft wp-image-1607\" src=\"https:\/\/www.passam.ch\/wp-content\/uploads\/2020\/11\/3FS_5181-1-1024x1024.jpg\" alt=\"\" width=\"226\" height=\"226\" srcset=\"https:\/\/www.passam.ch\/wp-content\/uploads\/2020\/11\/3FS_5181-1-1024x1024.jpg 1024w, https:\/\/www.passam.ch\/wp-content\/uploads\/2020\/11\/3FS_5181-1-300x300.jpg 300w, https:\/\/www.passam.ch\/wp-content\/uploads\/2020\/11\/3FS_5181-1-150x150.jpg 150w, https:\/\/www.passam.ch\/wp-content\/uploads\/2020\/11\/3FS_5181-1-768x768.jpg 768w, https:\/\/www.passam.ch\/wp-content\/uploads\/2020\/11\/3FS_5181-1-1536x1536.jpg 1536w, https:\/\/www.passam.ch\/wp-content\/uploads\/2020\/11\/3FS_5181-1-2048x2048.jpg 2048w\" sizes=\"(max-width: 226px) 100vw, 226px\" \/> <img decoding=\"async\" class=\"alignleft wp-image-1707\" src=\"https:\/\/www.passam.ch\/wp-content\/uploads\/2020\/11\/3FS_5228-1024x684.jpg\" alt=\"\" width=\"337\" height=\"225\" srcset=\"https:\/\/www.passam.ch\/wp-content\/uploads\/2020\/11\/3FS_5228-1024x684.jpg 1024w, https:\/\/www.passam.ch\/wp-content\/uploads\/2020\/11\/3FS_5228-300x200.jpg 300w, https:\/\/www.passam.ch\/wp-content\/uploads\/2020\/11\/3FS_5228-768x513.jpg 768w, https:\/\/www.passam.ch\/wp-content\/uploads\/2020\/11\/3FS_5228-1536x1025.jpg 1536w, https:\/\/www.passam.ch\/wp-content\/uploads\/2020\/11\/3FS_5228-2048x1367.jpg 2048w\" sizes=\"(max-width: 337px) 100vw, 337px\" \/><\/p>","protected":false},"excerpt":{"rendered":"<p>CO Datenblatt&nbsp;&nbsp; &nbsp; Kohlenmonoxid ist ein vor\u00fcbergehender Schadstoff, insbesondere in st\u00e4dtischen Gebieten und St\u00e4dten. Es ist farblos, geruchlos, geschmacklos und ab einer bestimmten Konzentration giftig. \u00dcber St\u00e4dten k\u00f6nnen gro\u00dfe CO-Verschmutzungsereignisse beobachtet werden, die haupts\u00e4chlich durch Verbrennungsmotoren und Kraftstoffe verursacht werden. &nbsp; CO-Probenahme Der CO-Passiv-Probenehmer basiert auf dem Prinzip der Diffusion von CO-Molek\u00fclen auf das Absorptionsmedium Palladiumchlorid. Das gebildete metallische Palladium kann dann durch eine spezifische [&hellip;]<\/p>\n","protected":false},"author":1,"featured_media":351,"parent":0,"menu_order":0,"comment_status":"closed","ping_status":"closed","template":"","meta":{"_monsterinsights_skip_tracking":false,"_monsterinsights_sitenote_active":false,"_monsterinsights_sitenote_note":"","_monsterinsights_sitenote_category":0,"footnotes":""},"class_list":["post-110","page","type-page","status-publish","has-post-thumbnail","hentry"],"_links":{"self":[{"href":"https:\/\/www.passam.ch\/de\/wp-json\/wp\/v2\/pages\/110","targetHints":{"allow":["GET"]}}],"collection":[{"href":"https:\/\/www.passam.ch\/de\/wp-json\/wp\/v2\/pages"}],"about":[{"href":"https:\/\/www.passam.ch\/de\/wp-json\/wp\/v2\/types\/page"}],"author":[{"embeddable":true,"href":"https:\/\/www.passam.ch\/de\/wp-json\/wp\/v2\/users\/1"}],"replies":[{"embeddable":true,"href":"https:\/\/www.passam.ch\/de\/wp-json\/wp\/v2\/comments?post=110"}],"version-history":[{"count":17,"href":"https:\/\/www.passam.ch\/de\/wp-json\/wp\/v2\/pages\/110\/revisions"}],"predecessor-version":[{"id":2787,"href":"https:\/\/www.passam.ch\/de\/wp-json\/wp\/v2\/pages\/110\/revisions\/2787"}],"wp:featuredmedia":[{"embeddable":true,"href":"https:\/\/www.passam.ch\/de\/wp-json\/wp\/v2\/media\/351"}],"wp:attachment":[{"href":"https:\/\/www.passam.ch\/de\/wp-json\/wp\/v2\/media?parent=110"}],"curies":[{"name":"wp","href":"https:\/\/api.w.org\/{rel}","templated":true}]}}