{"id":108,"date":"2016-10-23T15:09:00","date_gmt":"2016-10-23T15:09:00","guid":{"rendered":"http:\/\/srv140.centinated.ch\/~passam23\/wp\/\/?page_id=108"},"modified":"2025-09-29T11:02:44","modified_gmt":"2025-09-29T11:02:44","slug":"hydrogen-sulfide","status":"publish","type":"page","link":"https:\/\/www.passam.ch\/de\/hydrogen-sulfide","title":{"rendered":"Schwefelwasserstoff"},"content":{"rendered":"<p><a class=\"fasc-button fasc-size-medium fasc-type-flat fasc-rounded-medium fasc-ico-before dashicons-download\" style=\"background-color: #a8d2e3; color: #000000;\" target=\"_blank\" rel=\"noopener noreferrer\" href=\"https:\/\/www.passam.ch\/wp-content\/uploads\/2025\/09\/Produktdatenblatt-H2S-2025.pdf\">H<sub>2<\/sub>S Datenblatt<\/a>&nbsp;&nbsp; &nbsp;<\/p>\n<p>Schwefelwasserstoffe sind schlie\u00dflich toxische Schadstoffe in industriellen und st\u00e4dtischen Gebieten, die haupts\u00e4chlich durch geothermische oder biogene Quellen emittiert werden. Das Gas ist farblos und durch einen \u00fcblen Geruch gekennzeichnet. Gro\u00dfe H2S-Konzentrationen werden in der N\u00e4he von Erd\u00f6lraffinerien, Koks\u00f6fen, Papierfabriken, Gerbereien oder Abwasserkan\u00e4len gefunden.<br \/>\n&nbsp;<\/p>\n<h3><strong>H<sub>2<\/sub>S-Probenahme<\/strong><\/h3>\n<p>Der passive Probenehmer zur Messung von H<sub>2<\/sub>S basiert auf dem Prinzip der Diffusion von H<sub>2<\/sub>S-Molek\u00fclen auf das Cadmiumsulfat-Absorptionsmittel. Die angebrachte Glasfasermembran, die von einem Drahtnetz gest\u00fctzt wird, eliminiert Witterungseinfl\u00fcsse. Der Probenehmer wird in einem speziell entworfenen Schutzraum untergebracht, um ihn w\u00e4hrend seiner Exposition vor Witterungseinfl\u00fcssen zu sch\u00fctzen.<\/p>\n<p><img fetchpriority=\"high\" decoding=\"async\" class=\"alignleft wp-image-1613\" src=\"https:\/\/www.passam.ch\/wp-content\/uploads\/2020\/11\/3FS_5197-1-1024x1024.jpg\" alt=\"\" width=\"226\" height=\"226\" srcset=\"https:\/\/www.passam.ch\/wp-content\/uploads\/2020\/11\/3FS_5197-1-1024x1024.jpg 1024w, https:\/\/www.passam.ch\/wp-content\/uploads\/2020\/11\/3FS_5197-1-300x300.jpg 300w, https:\/\/www.passam.ch\/wp-content\/uploads\/2020\/11\/3FS_5197-1-150x150.jpg 150w, https:\/\/www.passam.ch\/wp-content\/uploads\/2020\/11\/3FS_5197-1-768x768.jpg 768w, https:\/\/www.passam.ch\/wp-content\/uploads\/2020\/11\/3FS_5197-1-1536x1536.jpg 1536w, https:\/\/www.passam.ch\/wp-content\/uploads\/2020\/11\/3FS_5197-1-2048x2048.jpg 2048w\" sizes=\"(max-width: 226px) 100vw, 226px\" \/> <img decoding=\"async\" class=\"alignleft wp-image-1707\" src=\"https:\/\/www.passam.ch\/wp-content\/uploads\/2020\/11\/3FS_5228-1024x684.jpg\" alt=\"\" width=\"337\" height=\"225\" srcset=\"https:\/\/www.passam.ch\/wp-content\/uploads\/2020\/11\/3FS_5228-1024x684.jpg 1024w, https:\/\/www.passam.ch\/wp-content\/uploads\/2020\/11\/3FS_5228-300x200.jpg 300w, https:\/\/www.passam.ch\/wp-content\/uploads\/2020\/11\/3FS_5228-768x513.jpg 768w, https:\/\/www.passam.ch\/wp-content\/uploads\/2020\/11\/3FS_5228-1536x1025.jpg 1536w, https:\/\/www.passam.ch\/wp-content\/uploads\/2020\/11\/3FS_5228-2048x1367.jpg 2048w\" sizes=\"(max-width: 337px) 100vw, 337px\" \/><\/p>","protected":false},"excerpt":{"rendered":"<p>H2S Datenblatt&nbsp;&nbsp; &nbsp; Schwefelwasserstoffe sind schlie\u00dflich toxische Schadstoffe in industriellen und st\u00e4dtischen Gebieten, die haupts\u00e4chlich durch geothermische oder biogene Quellen emittiert werden. Das Gas ist farblos und durch einen \u00fcblen Geruch gekennzeichnet. Gro\u00dfe H2S-Konzentrationen werden in der N\u00e4he von Erd\u00f6lraffinerien, Koks\u00f6fen, Papierfabriken, Gerbereien oder Abwasserkan\u00e4len gefunden. &nbsp; H2S-Probenahme Der passive Probenehmer zur Messung von H2S basiert auf dem Prinzip der Diffusion von H2S-Molek\u00fclen auf das [&hellip;]<\/p>\n","protected":false},"author":1,"featured_media":681,"parent":0,"menu_order":0,"comment_status":"closed","ping_status":"closed","template":"","meta":{"_monsterinsights_skip_tracking":false,"_monsterinsights_sitenote_active":false,"_monsterinsights_sitenote_note":"","_monsterinsights_sitenote_category":0,"footnotes":""},"class_list":["post-108","page","type-page","status-publish","has-post-thumbnail","hentry"],"_links":{"self":[{"href":"https:\/\/www.passam.ch\/de\/wp-json\/wp\/v2\/pages\/108","targetHints":{"allow":["GET"]}}],"collection":[{"href":"https:\/\/www.passam.ch\/de\/wp-json\/wp\/v2\/pages"}],"about":[{"href":"https:\/\/www.passam.ch\/de\/wp-json\/wp\/v2\/types\/page"}],"author":[{"embeddable":true,"href":"https:\/\/www.passam.ch\/de\/wp-json\/wp\/v2\/users\/1"}],"replies":[{"embeddable":true,"href":"https:\/\/www.passam.ch\/de\/wp-json\/wp\/v2\/comments?post=108"}],"version-history":[{"count":18,"href":"https:\/\/www.passam.ch\/de\/wp-json\/wp\/v2\/pages\/108\/revisions"}],"predecessor-version":[{"id":3154,"href":"https:\/\/www.passam.ch\/de\/wp-json\/wp\/v2\/pages\/108\/revisions\/3154"}],"wp:featuredmedia":[{"embeddable":true,"href":"https:\/\/www.passam.ch\/de\/wp-json\/wp\/v2\/media\/681"}],"wp:attachment":[{"href":"https:\/\/www.passam.ch\/de\/wp-json\/wp\/v2\/media?parent=108"}],"curies":[{"name":"wp","href":"https:\/\/api.w.org\/{rel}","templated":true}]}}