{"id":106,"date":"2016-10-23T15:08:30","date_gmt":"2016-10-23T15:08:30","guid":{"rendered":"http:\/\/srv140.centinated.ch\/~passam23\/wp\/\/?page_id=106"},"modified":"2025-09-22T12:21:54","modified_gmt":"2025-09-22T12:21:54","slug":"benzene","status":"publish","type":"page","link":"https:\/\/www.passam.ch\/de\/benzene","title":{"rendered":"Benzol"},"content":{"rendered":"<p><a class=\"fasc-button fasc-size-medium fasc-type-flat fasc-rounded-medium fasc-ico-before dashicons-download\" style=\"background-color: #a8d2e3; color: #000000;\" target=\"_blank\" rel=\"noopener noreferrer\" href=\"https:\/\/www.passam.ch\/wp-content\/uploads\/2025\/09\/Produktdatenblatt-BTEX-SP16.pdf\">BTEX Datenblatt<\/a>&nbsp;&nbsp; &nbsp;<\/p>\n<p>Benzol ist eine farblose und leicht entz\u00fcndliche Fl\u00fcssigkeit, die sich durch einen charakteristischen Geruch auszeichnet, der haupts\u00e4chlich von Fahrzeugen und anderen Verbrennungsprozessen abgegeben wird. Benzol reagiert schnell mit anderen Chemikalien in der Luft und wird innerhalb weniger Tage nach der Freisetzung entfernt. Das Einatmen extrem hoher Benzolkonzentrationen sowie eine lange Exposition gegen\u00fcber einer niedrigeren Benzolkonzentration kann schwere Gesundheitssch\u00e4den verursachen. Die nat\u00fcrlicherweise freigesetzten Benzolmengen sind unbedeutend im Vergleich zu denen, die durch menschliche Aktivit\u00e4ten freigesetzt werden.<\/p>\n<p>&nbsp;<\/p>\n<h3><strong>Benzol-Probenahme<\/strong><\/h3>\n<p>Der passive Probenehmer besteht aus ORSA5-Diffusionsrohren, die ein an beiden Enden offenes, mit Aktivkohle gef\u00fclltes Glasprobenentnahmerohr umfassen. Jede \u00d6ffnung ist mit einer Diffusionssperre aus Celluloseacetat gef\u00fcllt. Diese Anordnung erm\u00f6glicht es der Umgebungsluft, kontrolliert in das Probenahmerohr zu diffundieren. Benzol, Toluol und die drei Xylol-Isomere (BTX) werden an der Aktivkohle absorbiert und durch Schwefelkohlenstoff desorbiert. Die Substanzen werden durch Gaschromatographie analysiert.<\/p>\n<p>&nbsp;<br \/>\n&nbsp;<br \/>\nDas Bild unten zeigt einen Benzol-Probennehmer und seine Installation innerhalb des optimierten Schutzbeh\u00e4lters.<\/p>\n<p><img fetchpriority=\"high\" decoding=\"async\" class=\"alignleft wp-image-1616\" src=\"https:\/\/www.passam.ch\/wp-content\/uploads\/2020\/11\/3FS_5211-1-1024x1024.jpg\" alt=\"\" width=\"226\" height=\"226\" srcset=\"https:\/\/www.passam.ch\/wp-content\/uploads\/2020\/11\/3FS_5211-1-1024x1024.jpg 1024w, https:\/\/www.passam.ch\/wp-content\/uploads\/2020\/11\/3FS_5211-1-300x300.jpg 300w, https:\/\/www.passam.ch\/wp-content\/uploads\/2020\/11\/3FS_5211-1-150x150.jpg 150w, https:\/\/www.passam.ch\/wp-content\/uploads\/2020\/11\/3FS_5211-1-768x768.jpg 768w, https:\/\/www.passam.ch\/wp-content\/uploads\/2020\/11\/3FS_5211-1-1536x1536.jpg 1536w, https:\/\/www.passam.ch\/wp-content\/uploads\/2020\/11\/3FS_5211-1-2048x2048.jpg 2048w\" sizes=\"(max-width: 226px) 100vw, 226px\" \/><\/p>\n<p><img decoding=\"async\" class=\"alignleft wp-image-1798\" src=\"https:\/\/www.passam.ch\/wp-content\/uploads\/2020\/11\/DSC_0364-1024x687.jpg\" alt=\"\" width=\"335\" height=\"225\" srcset=\"https:\/\/www.passam.ch\/wp-content\/uploads\/2020\/11\/DSC_0364-1024x687.jpg 1024w, https:\/\/www.passam.ch\/wp-content\/uploads\/2020\/11\/DSC_0364-300x201.jpg 300w, https:\/\/www.passam.ch\/wp-content\/uploads\/2020\/11\/DSC_0364-768x516.jpg 768w, https:\/\/www.passam.ch\/wp-content\/uploads\/2020\/11\/DSC_0364-1536x1031.jpg 1536w, https:\/\/www.passam.ch\/wp-content\/uploads\/2020\/11\/DSC_0364-2048x1375.jpg 2048w\" sizes=\"(max-width: 335px) 100vw, 335px\" \/><\/p>","protected":false},"excerpt":{"rendered":"<p>BTEX Datenblatt&nbsp;&nbsp; &nbsp; Benzol ist eine farblose und leicht entz\u00fcndliche Fl\u00fcssigkeit, die sich durch einen charakteristischen Geruch auszeichnet, der haupts\u00e4chlich von Fahrzeugen und anderen Verbrennungsprozessen abgegeben wird. Benzol reagiert schnell mit anderen Chemikalien in der Luft und wird innerhalb weniger Tage nach der Freisetzung entfernt. Das Einatmen extrem hoher Benzolkonzentrationen sowie eine lange Exposition gegen\u00fcber einer niedrigeren Benzolkonzentration kann schwere Gesundheitssch\u00e4den verursachen. Die nat\u00fcrlicherweise freigesetzten [&hellip;]<\/p>\n","protected":false},"author":1,"featured_media":348,"parent":0,"menu_order":0,"comment_status":"closed","ping_status":"closed","template":"","meta":{"_monsterinsights_skip_tracking":false,"_monsterinsights_sitenote_active":false,"_monsterinsights_sitenote_note":"","_monsterinsights_sitenote_category":0,"footnotes":""},"class_list":["post-106","page","type-page","status-publish","has-post-thumbnail","hentry"],"_links":{"self":[{"href":"https:\/\/www.passam.ch\/de\/wp-json\/wp\/v2\/pages\/106","targetHints":{"allow":["GET"]}}],"collection":[{"href":"https:\/\/www.passam.ch\/de\/wp-json\/wp\/v2\/pages"}],"about":[{"href":"https:\/\/www.passam.ch\/de\/wp-json\/wp\/v2\/types\/page"}],"author":[{"embeddable":true,"href":"https:\/\/www.passam.ch\/de\/wp-json\/wp\/v2\/users\/1"}],"replies":[{"embeddable":true,"href":"https:\/\/www.passam.ch\/de\/wp-json\/wp\/v2\/comments?post=106"}],"version-history":[{"count":31,"href":"https:\/\/www.passam.ch\/de\/wp-json\/wp\/v2\/pages\/106\/revisions"}],"predecessor-version":[{"id":3147,"href":"https:\/\/www.passam.ch\/de\/wp-json\/wp\/v2\/pages\/106\/revisions\/3147"}],"wp:featuredmedia":[{"embeddable":true,"href":"https:\/\/www.passam.ch\/de\/wp-json\/wp\/v2\/media\/348"}],"wp:attachment":[{"href":"https:\/\/www.passam.ch\/de\/wp-json\/wp\/v2\/media?parent=106"}],"curies":[{"name":"wp","href":"https:\/\/api.w.org\/{rel}","templated":true}]}}