{"id":1046,"date":"2017-11-12T13:19:30","date_gmt":"2017-11-12T13:19:30","guid":{"rendered":"http:\/\/www.passam.ch\/?page_id=1046"},"modified":"2023-11-07T10:43:40","modified_gmt":"2023-11-07T10:43:40","slug":"vocs","status":"publish","type":"page","link":"https:\/\/www.passam.ch\/de\/vocs","title":{"rendered":"VOCs"},"content":{"rendered":"<p><a class=\"fasc-button fasc-size-medium fasc-type-flat fasc-rounded-medium fasc-ico-before dashicons-download\" style=\"background-color: #a8d2e3; color: #000000;\" target=\"_blank\" rel=\"noopener noreferrer\" href=\"https:\/\/www.passam.ch\/wp-content\/uploads\/2022\/02\/VOCs_V4.pdf\">VOCs Datenblatt<\/a>&nbsp;&nbsp; &nbsp;<\/p>\n<p>Fl\u00fcchtige organische Verbindungen (VOCs) umfassen eine Familie organischer Chemikalien, die sowohl k\u00fcnstlich hergestellte als auch nat\u00fcrlich vorkommende Verbindungen umfasst. Obwohl sie bei verschiedenen nat\u00fcrlichen Prozessen wie der Kommunikation zwischen Pflanzen eine wichtige Rolle spielen, stellen einige von ihnen eine Bedrohung f\u00fcr die Umwelt und die menschliche Gesundheit dar.<\/p>\n<p>Sch\u00e4dliche anthropogene VOCs weisen normalerweise die h\u00f6chsten Konzentrationen in Innenr\u00e4umen auf, und obwohl sie nicht akut toxisch sind, sind ihre gesundheitlichen Auswirkungen in der Regel langfristig. Deshalb sind sie in der Regel gesetzlich geregelt, zumal die Erforschung von VOCs und ihrer Auswirkungen schwierig ist.<\/p>\n<p>&nbsp;<\/p>\n<h3><strong>VOC-Probenahme<\/strong><\/h3>\n<p>Der passive Probenehmer besteht aus ORSA5-Diffusionsrohren, die ein an beiden Enden offenes, mit Aktivkohle gef\u00fclltes Glasprobenentnahmerohr umfassen. Jede \u00d6ffnung ist mit einer Diffusionssperre aus Celluloseacetat gef\u00fcllt. Diese Anordnung erm\u00f6glicht es der Umgebungsluft, kontrolliert in das Probenahmerohr zu diffundieren. Die Substanzen werden mittels Gaschromatographie analysiert.<br \/>\n&nbsp;<br \/>\n&nbsp;<br \/>\nDas Bild unten zeigt einen VOCs-Probenehmer und seine Installation innerhalb des optimierten Schutzbeh\u00e4lters.<\/p>\n<p><img fetchpriority=\"high\" decoding=\"async\" class=\"alignleft size-large wp-image-1615\" src=\"https:\/\/www.passam.ch\/wp-content\/uploads\/2020\/11\/3FS_5208-1-1024x1024.jpg\" alt=\"\" width=\"226\" height=\"226\" srcset=\"https:\/\/www.passam.ch\/wp-content\/uploads\/2020\/11\/3FS_5208-1-1024x1024.jpg 1024w, https:\/\/www.passam.ch\/wp-content\/uploads\/2020\/11\/3FS_5208-1-300x300.jpg 300w, https:\/\/www.passam.ch\/wp-content\/uploads\/2020\/11\/3FS_5208-1-150x150.jpg 150w, https:\/\/www.passam.ch\/wp-content\/uploads\/2020\/11\/3FS_5208-1-768x768.jpg 768w, https:\/\/www.passam.ch\/wp-content\/uploads\/2020\/11\/3FS_5208-1-1536x1536.jpg 1536w, https:\/\/www.passam.ch\/wp-content\/uploads\/2020\/11\/3FS_5208-1-2048x2048.jpg 2048w\" sizes=\"(max-width: 226px) 100vw, 226px\" \/><\/p>\n<p><img decoding=\"async\" class=\"alignleft size-large wp-image-1798\" src=\"https:\/\/www.passam.ch\/wp-content\/uploads\/2020\/11\/DSC_0364-1024x687.jpg\" alt=\"\" width=\"335\" height=\"225\" srcset=\"https:\/\/www.passam.ch\/wp-content\/uploads\/2020\/11\/DSC_0364-1024x687.jpg 1024w, https:\/\/www.passam.ch\/wp-content\/uploads\/2020\/11\/DSC_0364-300x201.jpg 300w, https:\/\/www.passam.ch\/wp-content\/uploads\/2020\/11\/DSC_0364-768x516.jpg 768w, https:\/\/www.passam.ch\/wp-content\/uploads\/2020\/11\/DSC_0364-1536x1031.jpg 1536w, https:\/\/www.passam.ch\/wp-content\/uploads\/2020\/11\/DSC_0364-2048x1375.jpg 2048w\" sizes=\"(max-width: 335px) 100vw, 335px\" \/><\/p>\n<p>&nbsp;<\/p>\n<p>&nbsp;<\/p>\n<p>&nbsp;<\/p>\n<p>&nbsp;<\/p>\n<p>&nbsp;<\/p>\n<p>&nbsp;<\/p>\n<p>&nbsp;<\/p>\n<p>&nbsp;<\/p>\n<p>Die VOC Analysen werden von einem externen Partnerlabor durchgef\u00fchrt. Bitte kontatieren Sie uns f\u00fcr weitere Informationen.<\/p>","protected":false},"excerpt":{"rendered":"<p>VOCs Datenblatt&nbsp;&nbsp; &nbsp; Fl\u00fcchtige organische Verbindungen (VOCs) umfassen eine Familie organischer Chemikalien, die sowohl k\u00fcnstlich hergestellte als auch nat\u00fcrlich vorkommende Verbindungen umfasst. Obwohl sie bei verschiedenen nat\u00fcrlichen Prozessen wie der Kommunikation zwischen Pflanzen eine wichtige Rolle spielen, stellen einige von ihnen eine Bedrohung f\u00fcr die Umwelt und die menschliche Gesundheit dar. Sch\u00e4dliche anthropogene VOCs weisen normalerweise die h\u00f6chsten Konzentrationen in Innenr\u00e4umen auf, und obwohl sie [&hellip;]<\/p>\n","protected":false},"author":1,"featured_media":348,"parent":0,"menu_order":0,"comment_status":"closed","ping_status":"closed","template":"","meta":{"_monsterinsights_skip_tracking":false,"_monsterinsights_sitenote_active":false,"_monsterinsights_sitenote_note":"","_monsterinsights_sitenote_category":0,"footnotes":""},"class_list":["post-1046","page","type-page","status-publish","has-post-thumbnail","hentry"],"_links":{"self":[{"href":"https:\/\/www.passam.ch\/de\/wp-json\/wp\/v2\/pages\/1046","targetHints":{"allow":["GET"]}}],"collection":[{"href":"https:\/\/www.passam.ch\/de\/wp-json\/wp\/v2\/pages"}],"about":[{"href":"https:\/\/www.passam.ch\/de\/wp-json\/wp\/v2\/types\/page"}],"author":[{"embeddable":true,"href":"https:\/\/www.passam.ch\/de\/wp-json\/wp\/v2\/users\/1"}],"replies":[{"embeddable":true,"href":"https:\/\/www.passam.ch\/de\/wp-json\/wp\/v2\/comments?post=1046"}],"version-history":[{"count":17,"href":"https:\/\/www.passam.ch\/de\/wp-json\/wp\/v2\/pages\/1046\/revisions"}],"predecessor-version":[{"id":2852,"href":"https:\/\/www.passam.ch\/de\/wp-json\/wp\/v2\/pages\/1046\/revisions\/2852"}],"wp:featuredmedia":[{"embeddable":true,"href":"https:\/\/www.passam.ch\/de\/wp-json\/wp\/v2\/media\/348"}],"wp:attachment":[{"href":"https:\/\/www.passam.ch\/de\/wp-json\/wp\/v2\/media?parent=1046"}],"curies":[{"name":"wp","href":"https:\/\/api.w.org\/{rel}","templated":true}]}}