{"id":1043,"date":"2017-11-12T13:18:51","date_gmt":"2017-11-12T13:18:51","guid":{"rendered":"http:\/\/www.passam.ch\/?page_id=1043"},"modified":"2023-02-27T13:33:09","modified_gmt":"2023-02-27T13:33:09","slug":"deutsch-no2-so2","status":"publish","type":"page","link":"https:\/\/www.passam.ch\/de\/deutsch-no2-so2","title":{"rendered":"NO2 \/ SO2"},"content":{"rendered":"<p><a class=\"fasc-button fasc-size-medium fasc-type-flat fasc-rounded-medium fasc-ico-before dashicons-download\" style=\"background-color: #a8d2e3; color: #000000;\" target=\"_blank\" rel=\"noopener noreferrer\" href=\"https:\/\/www.passam.ch\/wp-content\/uploads\/2023\/02\/SP19_NO2-SO2_Product-Sheet_2023_EN.pdf\">NO<sub>2<\/sub>\/SO<sub>2<\/sub> Datenblatt<\/a>&nbsp;&nbsp; &nbsp;<\/p>\n<p>Stickstoffdioxid ist ein \u00fcbel riechender wichtiger Luftschadstoff in st\u00e4dtischen Gebieten und St\u00e4dten. Es tr\u00e4gt zur Bildung von Smog bei und kann bei \u00dcberschreiten einer bestimmten Konzentration die menschliche Gesundheit stark beeintr\u00e4chtigen. Hauptquellen von Stickstoffdioxid sind die Verbrennung fossiler Brennstoffe, Kraftfahrzeugabgase, die Benzin- und Metallraffination, die Stromerzeugung und andere Fertigungsindustrien.<\/p>\n<p>Schwefeldioxid ist ein auff\u00e4lliger Bestandteil in der Atmosph\u00e4re sowie ein wichtiger Luftschadstoff. Ab einer bestimmten Konzentration hat das Gas erhebliche Auswirkungen auf die menschliche Gesundheit, die Eignung des Lebensraumes f\u00fcr Pflanzen sowie auf das tierische Leben. SO2-Emissionen sind eine Vorstufe von saurem Regen und atmosph\u00e4rischen Partikeln.<\/p>\n<p>&nbsp;<\/p>\n<h3><strong>NO<sub>2<\/sub>\/SO<sub>2<\/sub>-Probenahme<\/strong><\/h3>\n<p>Der Probenehmer sammelt NO<sub>2<\/sub> und SO<sub>2<\/sub> durch molekulare Diffusion entlang eines inerten R\u00f6hrchens zu einem Absorbens, in diesem Fall einer Mischung aus Kaliumcarbonat, Glycerin und Triethanolamin.<\/p>\n<p>Der passive Probenehmer besteht aus einem Polypropylengeh\u00e4use mit einer \u00d6ffnung von 20 mm Durchmesser. Zur Reduzierung von Windst\u00f6rungen ist eine Glasfasermembran angebracht, die von einem Drahtnetz gest\u00fctzt wird. Der Probenehmer wird in einem speziell entworfenen Schutzraum untergebracht, um ihn w\u00e4hrend seiner Exposition zu sch\u00fctzen.<\/p>\n<p><img fetchpriority=\"high\" decoding=\"async\" class=\"alignleft  wp-image-1605\" src=\"https:\/\/www.passam.ch\/wp-content\/uploads\/2020\/11\/3FS_5176-1-1024x1024.jpg\" width=\"226\" height=\"226\" srcset=\"https:\/\/www.passam.ch\/wp-content\/uploads\/2020\/11\/3FS_5176-1-1024x1024.jpg 1024w, https:\/\/www.passam.ch\/wp-content\/uploads\/2020\/11\/3FS_5176-1-300x300.jpg 300w, https:\/\/www.passam.ch\/wp-content\/uploads\/2020\/11\/3FS_5176-1-150x150.jpg 150w, https:\/\/www.passam.ch\/wp-content\/uploads\/2020\/11\/3FS_5176-1-768x768.jpg 768w, https:\/\/www.passam.ch\/wp-content\/uploads\/2020\/11\/3FS_5176-1-1536x1536.jpg 1536w, https:\/\/www.passam.ch\/wp-content\/uploads\/2020\/11\/3FS_5176-1-2048x2048.jpg 2048w\" sizes=\"(max-width: 226px) 100vw, 226px\" \/> <img decoding=\"async\" class=\"alignleft wp-image-1707\" src=\"https:\/\/www.passam.ch\/wp-content\/uploads\/2020\/11\/3FS_5228-1024x684.jpg\" alt=\"\" width=\"337\" height=\"225\" srcset=\"https:\/\/www.passam.ch\/wp-content\/uploads\/2020\/11\/3FS_5228-1024x684.jpg 1024w, https:\/\/www.passam.ch\/wp-content\/uploads\/2020\/11\/3FS_5228-300x200.jpg 300w, https:\/\/www.passam.ch\/wp-content\/uploads\/2020\/11\/3FS_5228-768x513.jpg 768w, https:\/\/www.passam.ch\/wp-content\/uploads\/2020\/11\/3FS_5228-1536x1025.jpg 1536w, https:\/\/www.passam.ch\/wp-content\/uploads\/2020\/11\/3FS_5228-2048x1367.jpg 2048w\" sizes=\"(max-width: 337px) 100vw, 337px\" \/><\/p>","protected":false},"excerpt":{"rendered":"<p>NO2\/SO2 Datenblatt&nbsp;&nbsp; &nbsp; Stickstoffdioxid ist ein \u00fcbel riechender wichtiger Luftschadstoff in st\u00e4dtischen Gebieten und St\u00e4dten. Es tr\u00e4gt zur Bildung von Smog bei und kann bei \u00dcberschreiten einer bestimmten Konzentration die menschliche Gesundheit stark beeintr\u00e4chtigen. Hauptquellen von Stickstoffdioxid sind die Verbrennung fossiler Brennstoffe, Kraftfahrzeugabgase, die Benzin- und Metallraffination, die Stromerzeugung und andere Fertigungsindustrien. Schwefeldioxid ist ein auff\u00e4lliger Bestandteil in der Atmosph\u00e4re sowie ein wichtiger Luftschadstoff. Ab [&hellip;]<\/p>\n","protected":false},"author":1,"featured_media":349,"parent":0,"menu_order":0,"comment_status":"closed","ping_status":"closed","template":"","meta":{"_monsterinsights_skip_tracking":false,"_monsterinsights_sitenote_active":false,"_monsterinsights_sitenote_note":"","_monsterinsights_sitenote_category":0,"footnotes":""},"class_list":["post-1043","page","type-page","status-publish","has-post-thumbnail","hentry"],"_links":{"self":[{"href":"https:\/\/www.passam.ch\/de\/wp-json\/wp\/v2\/pages\/1043","targetHints":{"allow":["GET"]}}],"collection":[{"href":"https:\/\/www.passam.ch\/de\/wp-json\/wp\/v2\/pages"}],"about":[{"href":"https:\/\/www.passam.ch\/de\/wp-json\/wp\/v2\/types\/page"}],"author":[{"embeddable":true,"href":"https:\/\/www.passam.ch\/de\/wp-json\/wp\/v2\/users\/1"}],"replies":[{"embeddable":true,"href":"https:\/\/www.passam.ch\/de\/wp-json\/wp\/v2\/comments?post=1043"}],"version-history":[{"count":10,"href":"https:\/\/www.passam.ch\/de\/wp-json\/wp\/v2\/pages\/1043\/revisions"}],"predecessor-version":[{"id":2796,"href":"https:\/\/www.passam.ch\/de\/wp-json\/wp\/v2\/pages\/1043\/revisions\/2796"}],"wp:featuredmedia":[{"embeddable":true,"href":"https:\/\/www.passam.ch\/de\/wp-json\/wp\/v2\/media\/349"}],"wp:attachment":[{"href":"https:\/\/www.passam.ch\/de\/wp-json\/wp\/v2\/media?parent=1043"}],"curies":[{"name":"wp","href":"https:\/\/api.w.org\/{rel}","templated":true}]}}