{"id":1040,"date":"2017-11-12T13:18:17","date_gmt":"2017-11-12T13:18:17","guid":{"rendered":"http:\/\/www.passam.ch\/?page_id=1040"},"modified":"2023-02-27T13:15:21","modified_gmt":"2023-02-27T13:15:21","slug":"nox-set","status":"publish","type":"page","link":"https:\/\/www.passam.ch\/de\/nox-set","title":{"rendered":"NO2 &#038; NOx Set"},"content":{"rendered":"<p><a class=\"fasc-button fasc-size-medium fasc-type-flat fasc-rounded-medium fasc-ico-before dashicons-download\" style=\"background-color: #a8d2e3; color: #000000;\" target=\"_blank\" rel=\"noopener noreferrer\" href=\"https:\/\/www.passam.ch\/wp-content\/uploads\/2023\/02\/SP01_NO2_Product-Sheet_2023_EN.pdf\">NO<sub>2<\/sub> Datenblatt<\/a>&nbsp;&nbsp; &nbsp;<a class=\"fasc-button fasc-size-medium fasc-type-flat fasc-rounded-medium fasc-ico-before dashicons-download\" style=\"background-color: #a8d2e3; color: #000000;\" target=\"_blank\" rel=\"noopener noreferrer\" href=\"https:\/\/www.passam.ch\/wp-content\/uploads\/2023\/02\/SP12_NOx_Product-Sheet_2023_EN.pdf\">NO<sub>x<\/sub> Datenblatt<\/a>&nbsp;&nbsp; &nbsp;<\/p>\n<p>NO<sub>2<\/sub> and NO<sub>x<\/sub> haben Auswirkungen auf die Versauerung von \u00d6kosystemen und die Bildung von Ozon. Es wird darauf hingewiesen, dass synergistische Effekte sehr wichtig sind, und die Leitlinie wird f\u00fcr  NO<sub>x<\/sub> und nicht nur f\u00fcr NO<sub>2<\/sub> angegeben.<\/p>\n<p>Die WHO empfahl eine Richtlinie zum Schutz der Vegetation als Jahresdurchschnitt von 30 \u00b5g\/m3; f\u00fcr  NO<sub>x<\/sub>, berechnet als Summe von NO und NO<sub>2<\/sub> in ppb und ausgedr\u00fcckt als NO<sub>2<\/sub> in mg\/m3.<\/p>\n<p>Der Jahresgrenzwert f\u00fcr den Schutz der Vegetation betr\u00e4gt 30 \u00b5g\/m3.<\/p>\n<p>&nbsp;<\/p>\n<h3><strong>NO<sub>2<\/sub>&#8211; und NO<sub>x<\/sub>-Probenahme<\/strong><\/h3>\n<p>Die passiven Probenehmer zur Messung von NO<sub>2<\/sub> und NO<sub>x<\/sub> bestehen aus einem Polypropylenrohr und sind mit Membranen ausgestattet. Sie werden in speziell entworfenen Schutzr\u00e4umen untergebracht, um sie vor Witterungseinfl\u00fcssen zu sch\u00fctzen und sicherzustellen, dass sie in der N\u00e4he von Stellen mit hohem Verkehrsaufkommen genau messen k\u00f6nnen.<\/p>\n<p><img fetchpriority=\"high\" decoding=\"async\" class=\"alignleft wp-image-1666\" src=\"https:\/\/www.passam.ch\/wp-content\/uploads\/2020\/11\/3FS_5245-1024x684.jpg\" alt=\"\" width=\"399\" height=\"267\" srcset=\"https:\/\/www.passam.ch\/wp-content\/uploads\/2020\/11\/3FS_5245-1024x684.jpg 1024w, https:\/\/www.passam.ch\/wp-content\/uploads\/2020\/11\/3FS_5245-300x200.jpg 300w, https:\/\/www.passam.ch\/wp-content\/uploads\/2020\/11\/3FS_5245-768x513.jpg 768w, https:\/\/www.passam.ch\/wp-content\/uploads\/2020\/11\/3FS_5245-1536x1025.jpg 1536w, https:\/\/www.passam.ch\/wp-content\/uploads\/2020\/11\/3FS_5245-2048x1367.jpg 2048w\" sizes=\"(max-width: 399px) 100vw, 399px\" \/><br \/>\n<\/p>","protected":false},"excerpt":{"rendered":"<p>NO2 Datenblatt&nbsp;&nbsp; &nbsp;NOx Datenblatt&nbsp;&nbsp; &nbsp; NO2 and NOx haben Auswirkungen auf die Versauerung von \u00d6kosystemen und die Bildung von Ozon. Es wird darauf hingewiesen, dass synergistische Effekte sehr wichtig sind, und die Leitlinie wird f\u00fcr NOx und nicht nur f\u00fcr NO2 angegeben. Die WHO empfahl eine Richtlinie zum Schutz der Vegetation als Jahresdurchschnitt von 30 \u00b5g\/m3; f\u00fcr NOx, berechnet als Summe von NO und NO2 [&hellip;]<\/p>\n","protected":false},"author":1,"featured_media":350,"parent":0,"menu_order":0,"comment_status":"closed","ping_status":"closed","template":"","meta":{"_monsterinsights_skip_tracking":false,"_monsterinsights_sitenote_active":false,"_monsterinsights_sitenote_note":"","_monsterinsights_sitenote_category":0,"footnotes":""},"class_list":["post-1040","page","type-page","status-publish","has-post-thumbnail","hentry"],"_links":{"self":[{"href":"https:\/\/www.passam.ch\/de\/wp-json\/wp\/v2\/pages\/1040","targetHints":{"allow":["GET"]}}],"collection":[{"href":"https:\/\/www.passam.ch\/de\/wp-json\/wp\/v2\/pages"}],"about":[{"href":"https:\/\/www.passam.ch\/de\/wp-json\/wp\/v2\/types\/page"}],"author":[{"embeddable":true,"href":"https:\/\/www.passam.ch\/de\/wp-json\/wp\/v2\/users\/1"}],"replies":[{"embeddable":true,"href":"https:\/\/www.passam.ch\/de\/wp-json\/wp\/v2\/comments?post=1040"}],"version-history":[{"count":24,"href":"https:\/\/www.passam.ch\/de\/wp-json\/wp\/v2\/pages\/1040\/revisions"}],"predecessor-version":[{"id":2772,"href":"https:\/\/www.passam.ch\/de\/wp-json\/wp\/v2\/pages\/1040\/revisions\/2772"}],"wp:featuredmedia":[{"embeddable":true,"href":"https:\/\/www.passam.ch\/de\/wp-json\/wp\/v2\/media\/350"}],"wp:attachment":[{"href":"https:\/\/www.passam.ch\/de\/wp-json\/wp\/v2\/media?parent=1040"}],"curies":[{"name":"wp","href":"https:\/\/api.w.org\/{rel}","templated":true}]}}