{"id":1037,"date":"2017-11-12T13:17:11","date_gmt":"2017-11-12T13:17:11","guid":{"rendered":"http:\/\/www.passam.ch\/?page_id=1037"},"modified":"2025-06-30T12:18:49","modified_gmt":"2025-06-30T12:18:49","slug":"no2-tube","status":"publish","type":"page","link":"https:\/\/www.passam.ch\/de\/no2-tube","title":{"rendered":"Stickstoffdioxid"},"content":{"rendered":"<p><a class=\"fasc-button fasc-size-medium fasc-type-flat fasc-rounded-medium fasc-ico-before dashicons-download\" style=\"background-color: #a8d2e3; color: #000000;\" target=\"_blank\" href=\"https:\/\/www.passam.ch\/wp-content\/uploads\/2025\/06\/Produktdatenblatt-NO2-SP01.pdf\">NO2 Datenblatt<\/a>&nbsp;&nbsp; &nbsp;<\/p>\n<p>Stickstoffdioxid ist ein unangenehm riechender und wichtiger Luftschadstoff in der Agglomeration und St\u00e4dten. Es tr\u00e4gt zur Bildung von Smog bei und kann bei \u00dcberschreiten einer bestimmten Konzentration die menschliche Gesundheit stark beeintr\u00e4chtigen. Hauptquellen von Stickstoffdioxid sind die Verbrennung fossiler Brennstoffe, Kraftfahrzeugabgase, die Benzin- und Metallraffination, die Stromerzeugung und andere Fertigungsindustrien.<\/p>\n<p>&nbsp;<\/p>\n<h3><strong>Langzeit-Probenahme<\/strong><\/h3>\n<p>Der Passivsammler zur Messung von Stickstoffdioxid basiert auf dem Prinzip der NO<sub>2<\/sub>-Diffusion an das Absorbens Triethanolamin. Das gesammelte NO<sub>2<\/sub> wird anschliessend spektrophotometrisch mit der bew\u00e4hrten Saltzmann-Methode bestimmt. Da die Passivsammler ohne Stromauskommen, sind sie ideal f\u00fcr den Einsatz in abgelegenen oder schwierigen Umgebungen.<\/p>\n<p>Unsere Passivsammler f\u00fcr Langzeit-Probenname, das heisst von mindestens 1 bis 4 Wochen, besteht aus eine Polypropylen R\u00f6hrchen. Zum Schutz vor meteorologischen St\u00f6rungen aller Art w\u00e4hrend der Probennahme kann der Sammler in einem speziellen Schutzbeh\u00e4lter geh\u00e4ngt werden.<\/p>\n<p><img fetchpriority=\"high\" decoding=\"async\" class=\"alignleft wp-image-1588\" src=\"https:\/\/www.passam.ch\/wp-content\/uploads\/2020\/11\/3FS_5220-684x1024.jpg\" alt=\"\" width=\"226\" height=\"338\" srcset=\"https:\/\/www.passam.ch\/wp-content\/uploads\/2020\/11\/3FS_5220-684x1024.jpg 684w, https:\/\/www.passam.ch\/wp-content\/uploads\/2020\/11\/3FS_5220-200x300.jpg 200w, https:\/\/www.passam.ch\/wp-content\/uploads\/2020\/11\/3FS_5220-768x1150.jpg 768w, https:\/\/www.passam.ch\/wp-content\/uploads\/2020\/11\/3FS_5220-1025x1536.jpg 1025w, https:\/\/www.passam.ch\/wp-content\/uploads\/2020\/11\/3FS_5220-1367x2048.jpg 1367w, https:\/\/www.passam.ch\/wp-content\/uploads\/2020\/11\/3FS_5220-scaled.jpg 1709w\" sizes=\"(max-width: 226px) 100vw, 226px\" \/><\/p>\n<p><img decoding=\"async\" class=\"alignleft wp-image-1627\" src=\"https:\/\/www.passam.ch\/wp-content\/uploads\/2020\/11\/3FS_5226-684x1024.jpg\" alt=\"\" width=\"226\" height=\"339\" srcset=\"https:\/\/www.passam.ch\/wp-content\/uploads\/2020\/11\/3FS_5226-684x1024.jpg 684w, https:\/\/www.passam.ch\/wp-content\/uploads\/2020\/11\/3FS_5226-200x300.jpg 200w, https:\/\/www.passam.ch\/wp-content\/uploads\/2020\/11\/3FS_5226-768x1150.jpg 768w, https:\/\/www.passam.ch\/wp-content\/uploads\/2020\/11\/3FS_5226-1025x1536.jpg 1025w, https:\/\/www.passam.ch\/wp-content\/uploads\/2020\/11\/3FS_5226-1367x2048.jpg 1367w, https:\/\/www.passam.ch\/wp-content\/uploads\/2020\/11\/3FS_5226-scaled.jpg 1709w\" sizes=\"(max-width: 226px) 100vw, 226px\" \/><\/p>","protected":false},"excerpt":{"rendered":"<p>NO2 Datenblatt&nbsp;&nbsp; &nbsp; Stickstoffdioxid ist ein unangenehm riechender und wichtiger Luftschadstoff in der Agglomeration und St\u00e4dten. Es tr\u00e4gt zur Bildung von Smog bei und kann bei \u00dcberschreiten einer bestimmten Konzentration die menschliche Gesundheit stark beeintr\u00e4chtigen. Hauptquellen von Stickstoffdioxid sind die Verbrennung fossiler Brennstoffe, Kraftfahrzeugabgase, die Benzin- und Metallraffination, die Stromerzeugung und andere Fertigungsindustrien. &nbsp; Langzeit-Probenahme Der Passivsammler zur Messung von Stickstoffdioxid basiert auf dem Prinzip [&hellip;]<\/p>\n","protected":false},"author":1,"featured_media":350,"parent":0,"menu_order":0,"comment_status":"closed","ping_status":"closed","template":"","meta":{"_monsterinsights_skip_tracking":false,"_monsterinsights_sitenote_active":false,"_monsterinsights_sitenote_note":"","_monsterinsights_sitenote_category":0,"footnotes":""},"class_list":["post-1037","page","type-page","status-publish","has-post-thumbnail","hentry"],"_links":{"self":[{"href":"https:\/\/www.passam.ch\/de\/wp-json\/wp\/v2\/pages\/1037","targetHints":{"allow":["GET"]}}],"collection":[{"href":"https:\/\/www.passam.ch\/de\/wp-json\/wp\/v2\/pages"}],"about":[{"href":"https:\/\/www.passam.ch\/de\/wp-json\/wp\/v2\/types\/page"}],"author":[{"embeddable":true,"href":"https:\/\/www.passam.ch\/de\/wp-json\/wp\/v2\/users\/1"}],"replies":[{"embeddable":true,"href":"https:\/\/www.passam.ch\/de\/wp-json\/wp\/v2\/comments?post=1037"}],"version-history":[{"count":31,"href":"https:\/\/www.passam.ch\/de\/wp-json\/wp\/v2\/pages\/1037\/revisions"}],"predecessor-version":[{"id":3029,"href":"https:\/\/www.passam.ch\/de\/wp-json\/wp\/v2\/pages\/1037\/revisions\/3029"}],"wp:featuredmedia":[{"embeddable":true,"href":"https:\/\/www.passam.ch\/de\/wp-json\/wp\/v2\/media\/350"}],"wp:attachment":[{"href":"https:\/\/www.passam.ch\/de\/wp-json\/wp\/v2\/media?parent=1037"}],"curies":[{"name":"wp","href":"https:\/\/api.w.org\/{rel}","templated":true}]}}