{"id":102,"date":"2016-10-23T15:07:40","date_gmt":"2016-10-23T15:07:40","guid":{"rendered":"http:\/\/srv140.centinated.ch\/~passam23\/wp\/\/?page_id=102"},"modified":"2025-02-07T09:57:48","modified_gmt":"2025-02-07T09:57:48","slug":"sulfrur-dioxide","status":"publish","type":"page","link":"https:\/\/www.passam.ch\/de\/sulfrur-dioxide","title":{"rendered":"Schwefeldioxid"},"content":{"rendered":"<p><a class=\"fasc-button fasc-size-medium fasc-type-flat fasc-rounded-medium fasc-ico-before dashicons-download\" style=\"background-color: #a8d2e3; color: #000000;\" target=\"_blank\" href=\"https:\/\/www.passam.ch\/wp-content\/uploads\/2025\/02\/Produktdatenblatt-SO2-SP10.pdf\">SO2 Datenblatt<\/a>&nbsp;&nbsp; &nbsp;<\/p>\n<p>Schwefeldioxid ist ein sp\u00fcrbarer Bestandteil in der Atmosph\u00e4re und ein wichtiger Luftschadstoff. Ab einer bestimmten Konzentration hat das Gas erhebliche Auswirkungen auf die menschliche Gesundheit, die Eignung des Lebensraumes f\u00fcr Pflanzen sowie auf das tierische Leben. SO<sub>2<\/sub>-Emissionen sind eine Vorstufe von saurem Regen und atmosph\u00e4rischen Partikeln.<\/p>\n<p>&nbsp;<\/p>\n<h3><strong>SO<sub>2<\/sub>-Probenahme<\/strong><\/h3>\n<p>Der passive Probenehmer basiert auf dem Prinzip der Diffusion von SO<sub>2<\/sub>-Molek\u00fclen auf das Absorbens aus Kaliumkarbonat und Glyzerin. Die Quantifizierung erfolgt durch Ionenchromatographie. Die Probenehmer bestehen aus einem Polypropylengeh\u00e4use mit einer \u00d6ffnung von 20 mm Durchmesser. Um Wind- und Wetterst\u00f6rungen auszuschlie\u00dfen, wird eine Glasfasermembran, die von einem Drahtnetz gest\u00fctzt wird, befestigt und in einer speziell entwickelten Schutzaufh\u00e4ngung aufgestellt.<\/p>\n<p><img fetchpriority=\"high\" decoding=\"async\" src=\"https:\/\/www.passam.ch\/wp-content\/uploads\/2020\/11\/3FS_5200-1-1024x1024.jpg\" alt=\"\" width=\"226\" height=\"226\"> <img decoding=\"async\" class=\"alignleft wp-image-1707\" src=\"https:\/\/www.passam.ch\/wp-content\/uploads\/2020\/11\/3FS_5228-1024x684.jpg\" alt=\"\" width=\"337\" height=\"225\" srcset=\"https:\/\/www.passam.ch\/wp-content\/uploads\/2020\/11\/3FS_5228-1024x684.jpg 1024w, https:\/\/www.passam.ch\/wp-content\/uploads\/2020\/11\/3FS_5228-300x200.jpg 300w, https:\/\/www.passam.ch\/wp-content\/uploads\/2020\/11\/3FS_5228-768x513.jpg 768w, https:\/\/www.passam.ch\/wp-content\/uploads\/2020\/11\/3FS_5228-1536x1025.jpg 1536w, https:\/\/www.passam.ch\/wp-content\/uploads\/2020\/11\/3FS_5228-2048x1367.jpg 2048w\" sizes=\"(max-width: 337px) 100vw, 337px\" \/><\/p>\n<p>&nbsp;<br \/>\nSehen Sie sich dieses <a href=\"https:\/\/www.srf.ch\/news\/schweiz\/glencore-xstrata-und-die-asthma-toten-von-mufulira\" target=\"_blank\" rel=\"noopener noreferrer\">im Fernsehen ausgestrahlte Video<\/a> an und erfahren Sie mehr \u00fcber eine m\u00f6gliche Anwendung unseres passiven Sammlers.<\/p>","protected":false},"excerpt":{"rendered":"<p>SO2 Datenblatt&nbsp;&nbsp; &nbsp; Schwefeldioxid ist ein sp\u00fcrbarer Bestandteil in der Atmosph\u00e4re und ein wichtiger Luftschadstoff. Ab einer bestimmten Konzentration hat das Gas erhebliche Auswirkungen auf die menschliche Gesundheit, die Eignung des Lebensraumes f\u00fcr Pflanzen sowie auf das tierische Leben. SO2-Emissionen sind eine Vorstufe von saurem Regen und atmosph\u00e4rischen Partikeln. &nbsp; SO2-Probenahme Der passive Probenehmer basiert auf dem Prinzip der Diffusion von SO2-Molek\u00fclen auf das Absorbens [&hellip;]<\/p>\n","protected":false},"author":1,"featured_media":349,"parent":0,"menu_order":0,"comment_status":"closed","ping_status":"closed","template":"","meta":{"_monsterinsights_skip_tracking":false,"_monsterinsights_sitenote_active":false,"_monsterinsights_sitenote_note":"","_monsterinsights_sitenote_category":0,"footnotes":""},"class_list":["post-102","page","type-page","status-publish","has-post-thumbnail","hentry"],"_links":{"self":[{"href":"https:\/\/www.passam.ch\/de\/wp-json\/wp\/v2\/pages\/102","targetHints":{"allow":["GET"]}}],"collection":[{"href":"https:\/\/www.passam.ch\/de\/wp-json\/wp\/v2\/pages"}],"about":[{"href":"https:\/\/www.passam.ch\/de\/wp-json\/wp\/v2\/types\/page"}],"author":[{"embeddable":true,"href":"https:\/\/www.passam.ch\/de\/wp-json\/wp\/v2\/users\/1"}],"replies":[{"embeddable":true,"href":"https:\/\/www.passam.ch\/de\/wp-json\/wp\/v2\/comments?post=102"}],"version-history":[{"count":20,"href":"https:\/\/www.passam.ch\/de\/wp-json\/wp\/v2\/pages\/102\/revisions"}],"predecessor-version":[{"id":2946,"href":"https:\/\/www.passam.ch\/de\/wp-json\/wp\/v2\/pages\/102\/revisions\/2946"}],"wp:featuredmedia":[{"embeddable":true,"href":"https:\/\/www.passam.ch\/de\/wp-json\/wp\/v2\/media\/349"}],"wp:attachment":[{"href":"https:\/\/www.passam.ch\/de\/wp-json\/wp\/v2\/media?parent=102"}],"curies":[{"name":"wp","href":"https:\/\/api.w.org\/{rel}","templated":true}]}}